{"id":16716,"date":"2021-02-10T19:50:44","date_gmt":"2021-02-10T19:50:44","guid":{"rendered":"https:\/\/mercapalma.net\/?page_id=16716"},"modified":"2026-01-22T10:52:49","modified_gmt":"2026-01-22T09:52:49","slug":"tarifes","status":"publish","type":"page","link":"https:\/\/mercapalma.net\/ca\/tarifes\/","title":{"rendered":"Tarifes i abonaments"},"content":{"rendered":"<section class=\"av_textblock_section \"  itemscope=\"itemscope\" itemtype=\"https:\/\/schema.org\/CreativeWork\" ><div class='avia_textblock  '   itemprop=\"text\" ><h2>Tarifes d&#8217;acc\u00e9s i abonament anual<\/h2>\n<\/div><\/section>\n<div  class='avia-image-container  av-styling- av-hover-grow   avia-builder-el-1  el_after_av_textblock  el_before_av_button  avia-align-center '  itemprop=\"image\" itemscope=\"itemscope\" itemtype=\"https:\/\/schema.org\/ImageObject\"  ><div class='avia-image-container-inner'><div class='avia-image-overlay-wrap'><img decoding=\"async\" class='wp-image-14407 avia-img-lazy-loading-not-14407 avia_image' src=\"https:\/\/mercapalma.net\/wp-content\/uploads\/abonos.jpg\" alt='' title='abonos' height=\"268\" width=\"860\"  itemprop=\"thumbnailUrl\" srcset=\"https:\/\/mercapalma.net\/wp-content\/uploads\/abonos.jpg 860w, https:\/\/mercapalma.net\/wp-content\/uploads\/abonos-300x93.jpg 300w, https:\/\/mercapalma.net\/wp-content\/uploads\/abonos-768x239.jpg 768w, https:\/\/mercapalma.net\/wp-content\/uploads\/abonos-705x220.jpg 705w\" sizes=\"(max-width: 860px) 100vw, 860px\" \/><\/div><\/div><\/div>\n<div  class='avia-button-wrap avia-button-left  avia-builder-el-2  el_after_av_image  el_before_av_table ' ><a href='https:\/\/portalcliente.mercapalma.es\/Account\/Login' class='avia-button av-icon-on-hover avia-color-theme-color   avia-icon_select-yes-left-icon avia-size-large avia-position-left ' target=\"_blank\" rel=\"noopener noreferrer\"><span class='avia_button_icon avia_button_icon_left ' aria-hidden='true' data-av_icon='\ue8cf' data-av_iconfont='entypo-fontello'><\/span><span class='avia_iconbox_title' >Renovaci\u00f3 i venda<\/span><\/a><\/div>\n<div class='avia-data-table-wrap avia_responsive_table'><table  class='avia-table avia-data-table avia-table-1  avia-builder-el-3  el_after_av_button  el_before_av_table  avia_pricing_default '  itemscope=\"itemscope\" itemtype=\"https:\/\/schema.org\/Table\" ><caption>TARIFAS DE ENTRADA (IVA incluido)<\/caption><tbody><tr class=''><td class=''>Veh\u00edculos 2 ruedas con motor<\/td><td class=''>0,15\u20ac<\/td><\/tr><tr class=''><td class=''>Turismes<\/td><td class=''>1,15\u202f\u20ac<\/td><\/tr><tr class=''><td class=''>Vehicles fins a 1.000 kg.<\/td><td class=''>1,20\u202f\u20ac<\/td><\/tr><tr class=''><td class=''>Vehicles de 1.000 a 4.000 kg.<\/td><td class=''>1,70 \u20ac<\/td><\/tr><tr class=''><td class=''>Vehicles de 4001-8000 kg.<\/td><td class=''>3,00 \u20ac<\/td><\/tr><tr class=''><td class=''>Vehicles de m\u00e9s de 8.000 kg.<\/td><td class=''> 4,00 \u20ac<\/td><\/tr><tr class=''><td class=''>Cap tractor<\/td><td class=''>4,80 \u20ac<\/td><\/tr><tr class=''><td class=''>Pesada B\u00e1scula internos<\/td><td class=''>2,05 \u20ac<\/td><\/tr><tr class=''><td class=''>Pesada B\u00e1scula externos<\/td><td class=''>3,10 \u20ac<\/td><\/tr><\/tbody><\/table><\/div><style type='text\/css'><\/style>\n<div class='avia-data-table-wrap avia_responsive_table'><table  class='avia-table avia-data-table avia-table-2  avia-builder-el-4  el_after_av_table  el_before_av_table  avia_pricing_default '  itemscope=\"itemscope\" itemtype=\"https:\/\/schema.org\/Table\" ><caption>TARIFA DE ABONO PARA DETALLISTA (IVA no incluido)<\/caption><tbody><tr class='avia-heading-row'><th class=''>ENTRADES<\/th><th class=''>300<\/th><th class=''>200<\/th><th class=''>100<\/th><th class=''>50<\/th><th class=''>25<\/th><\/tr><tr class=''><td class=''>Turismes<\/td><td class=''>142,56 \u20ac<\/td><td class=''>104,55 \u20ac<\/td><td class=''>57,02 \u20ac<\/td><td class=''>33,26 \u20ac<\/td><td class=''>19,01 \u20ac<\/td><\/tr><tr class=''><td class=''>Veh\u00edcles fins a 1.000 kgs.<\/td><td class=''>148,76 \u20ac<\/td><td class=''>109,09 \u20ac<\/td><td class=''>59,50 \u20ac<\/td><td class=''>34,71 \u20ac<\/td><td class=''>19,83 \u20ac<\/td><\/tr><tr class=''><td class=''>Veh\u00edcles de 1.000 a 4.000 kgs.<\/td><td class=''>261,32 \u20ac<\/td><td class=''>179,83 \u20ac<\/td><td class=''>91,32 \u20ac<\/td><td class=''>52,69 \u20ac<\/td><td class=''>29,86 \u20ac<\/td><\/tr><tr class=''><td class=''>Veh\u00edcles de 4.001 a 8.000 kgs.<\/td><td class=''>461,16 \u20ac<\/td><td class=''>317,36 \u20ac<\/td><td class=''>161,16 \u20ac<\/td><td class=''>92,98 \u20ac<\/td><td class=''>52,69 \u20ac<\/td><\/tr><tr class=''><td class=''>Veh\u00edcles de m\u00e9s de 8.000kgs.<\/td><td class=''>614,88 \u20ac<\/td><td class=''>423,14 \u20ac<\/td><td class=''>214,88 \u20ac<\/td><td class=''>123,97 \u20ac<\/td><td class=''>70,25 \u20ac<\/td><\/tr><tr class=''><td class=''>Cap tractor<\/td><td class=''>856,86 \u20ac<\/td><td class=''>579,17 \u20ac<\/td><td class=''>297,52 \u20ac<\/td><td class=''>168,60 \u20ac<\/td><td class=''>89,26 \u20ac<\/td><\/tr><tr class=''><td class=''>Motocicleta<\/td><td class=''>37,19 \u20ac<\/td><td class=''><\/td><td class=''><\/td><td class=''><\/td><td class=''><\/td><\/tr><\/tbody><\/table><\/div><style type='text\/css'>.avia-table-2 td:nth-of-type(1):before { content: 'ENTRADES'; } .avia-table-2 td:nth-of-type(2):before { content: '300'; } .avia-table-2 td:nth-of-type(3):before { content: '200'; } .avia-table-2 td:nth-of-type(4):before { content: '100'; } .avia-table-2 td:nth-of-type(5):before { content: '50'; } .avia-table-2 td:nth-of-type(6):before { content: '25'; } <\/style>\n<div class='avia-data-table-wrap avia_responsive_table'><table  class='avia-table avia-data-table avia-table-3  avia-builder-el-5  el_after_av_table  el_before_av_textblock  avia_pricing_default '  itemscope=\"itemscope\" itemtype=\"https:\/\/schema.org\/Table\" ><caption>TARIFA DE ABONO PARA TRANSPORTISTA (IVA no incluido)<\/caption><tbody><tr class='avia-heading-row'><th class=''>ENTRADES<\/th><th class=''>50<\/th><th class=''>100<\/th><th class=''>250<\/th><th class=''>500<\/th><th class=''>750<\/th><th class=''>1000<\/th><th class=''>1500<\/th><th class=''>2000<\/th><\/tr><tr class=''><td class=''>Turismes<\/td><td class=''>40,39 \u20ac<\/td><td class=''>80,79 \u20ac<\/td><td class=''>201,96 \u20ac<\/td><td class=''><\/td><td class=''><\/td><td class=''><\/td><td class=''><\/td><td class=''><\/td><\/tr><tr class=''><td class=''>Veh\u00edcles fins a 1.000 kgs.<\/td><td class=''>47,11 \u20ac<\/td><td class=''>94,21 \u20ac<\/td><td class=''>235,54 \u20ac<\/td><td class=''>471,07 \u20ac<\/td><td class=''>706,61 \u20ac<\/td><td class=''>942,15 \u20ac<\/td><td class=''>1.413,22 \u20ac<\/td><td class=''>1.884,30 \u20ac<\/td><\/tr><tr class=''><td class=''>Veh\u00edcles de 1.000 a 4.000 kgs.<\/td><td class=''>66,74 \u20ac<\/td><td class=''>133,47 \u20ac<\/td><td class=''>333,68 \u20ac<\/td><td class=''>667,36 \u20ac<\/td><td class=''>1.001,03 \u20ac<\/td><td class=''>1.334,71 \u20ac<\/td><td class=''>2.002,07 \u20ac<\/td><td class=''>2.669,42 \u20ac<\/td><\/tr><tr class=''><td class=''>Veh\u00edcles de 4.001 a 8.000 kgs.<\/td><td class=''>117,77 \u20ac<\/td><td class=''>235,54 \u20ac<\/td><td class=''>588,84 \u20ac<\/td><td class=''>1.177,69 \u20ac<\/td><td class=''>1.766,53 \u20ac<\/td><td class=''>2.355,37 \u20ac<\/td><td class=''>3.533,06 \u20ac<\/td><td class=''>4.710,74 \u20ac<\/td><\/tr><tr class=''><td class=''>Veh\u00edcles de m\u00e9s de 8.000kgs.<\/td><td class=''>157,02 \u20ac<\/td><td class=''>314,05 \u20ac<\/td><td class=''>785,12 \u20ac<\/td><td class=''>1.570,25 \u20ac<\/td><td class=''>2.355,37 \u20ac<\/td><td class=''>3.140,50 \u20ac<\/td><td class=''>4.710,74 \u20ac<\/td><td class=''>6.280,99 \u20ac<\/td><\/tr><tr class=''><td class=''>Cap tractor<\/td><td class=''>188,43 \u20ac<\/td><td class=''>376,86 \u20ac<\/td><td class=''>942,15 \u20ac<\/td><td class=''>1.884,30 \u20ac<\/td><td class=''>2.826,45 \u20ac<\/td><td class=''>3.768,60 \u20ac<\/td><td class=''>5.652,89 \u20ac<\/td><td class=''>7.537,19 \u20ac<\/td><\/tr><\/tbody><\/table><\/div><style type='text\/css'>.avia-table-3 td:nth-of-type(1):before { content: 'ENTRADES'; } .avia-table-3 td:nth-of-type(2):before { content: '50'; } .avia-table-3 td:nth-of-type(3):before { content: '100'; } .avia-table-3 td:nth-of-type(4):before { content: '250'; } .avia-table-3 td:nth-of-type(5):before { content: '500'; } .avia-table-3 td:nth-of-type(6):before { content: '750'; } .avia-table-3 td:nth-of-type(7):before { content: '1000'; } .avia-table-3 td:nth-of-type(8):before { content: '1500'; } .avia-table-3 td:nth-of-type(9):before { content: '2000'; } <\/style>\n<section class=\"av_textblock_section \"  itemscope=\"itemscope\" itemtype=\"https:\/\/schema.org\/CreativeWork\" ><div class='avia_textblock  '   itemprop=\"text\" ><p>* Tots els pesos que hi ha a la taula de tarifes fan refer\u00e8ncia a la c\u00e0rrega \u00fatil que poden transportar els vehicles, NO a el pes de el vehicle.<\/p>\n<\/div><\/section>\n<section class=\"av_textblock_section \"  itemscope=\"itemscope\" itemtype=\"https:\/\/schema.org\/CreativeWork\" ><div class='avia_textblock  '   itemprop=\"text\" ><p>* Si no \u00e9s detallista, sol\u00b7liciti informaci\u00f3.<\/p>\n<\/div><\/section>\n<section class=\"av_textblock_section \"  itemscope=\"itemscope\" itemtype=\"https:\/\/schema.org\/CreativeWork\" ><div class='avia_textblock  '   itemprop=\"text\" >\n<div class=\"wpcf7 no-js\" id=\"wpcf7-f10838-o1\" lang=\"es-ES\" dir=\"ltr\" data-wpcf7-id=\"10838\">\n<div class=\"screen-reader-response\"><p role=\"status\" aria-live=\"polite\" aria-atomic=\"true\"><\/p> <ul><\/ul><\/div>\n<form action=\"\/ca\/wp-json\/wp\/v2\/pages\/16716#wpcf7-f10838-o1\" method=\"post\" class=\"wpcf7-form init\" aria-label=\"Formulario de contacto\" novalidate=\"novalidate\" data-status=\"init\">\n<fieldset class=\"hidden-fields-container\"><input type=\"hidden\" name=\"_wpcf7\" value=\"10838\" \/><input type=\"hidden\" name=\"_wpcf7_version\" value=\"6.1.5\" \/><input type=\"hidden\" name=\"_wpcf7_locale\" value=\"es_ES\" \/><input type=\"hidden\" name=\"_wpcf7_unit_tag\" value=\"wpcf7-f10838-o1\" \/><input type=\"hidden\" name=\"_wpcf7_container_post\" value=\"0\" \/><input type=\"hidden\" name=\"_wpcf7_posted_data_hash\" value=\"\" \/>\n<\/fieldset>\n<div class=\"form-row\">\n\t<div class=\"column-half\">\n\t\t<p>Nombre fiscal*<br \/>\n<span class=\"wpcf7-form-control-wrap\" data-name=\"nom-fiscal\"><input size=\"40\" maxlength=\"400\" class=\"wpcf7-form-control wpcf7-text wpcf7-validates-as-required\" aria-required=\"true\" aria-invalid=\"false\" value=\"\" type=\"text\" name=\"nom-fiscal\" \/><\/span>\n\t\t<\/p>\n\t<\/div>\n\t<div class=\"column-half\">\n\t\t<p>Persona de contacto*<br \/>\n<span class=\"wpcf7-form-control-wrap\" data-name=\"your-contact\"><input size=\"40\" maxlength=\"400\" class=\"wpcf7-form-control wpcf7-text wpcf7-validates-as-required\" aria-required=\"true\" aria-invalid=\"false\" value=\"\" type=\"text\" name=\"your-contact\" \/><\/span>\n\t\t<\/p>\n\t<\/div>\n<\/div>\n<div class=\"form-row\">\n\t<div class=\"column-half\">\n\t\t<p>NIF*<br \/>\n<span class=\"wpcf7-form-control-wrap\" data-name=\"your-nif\"><input size=\"40\" maxlength=\"400\" class=\"wpcf7-form-control wpcf7-text wpcf7-validates-as-required\" aria-required=\"true\" aria-invalid=\"false\" value=\"\" type=\"text\" name=\"your-nif\" \/><\/span>\n\t\t<\/p>\n\t<\/div>\n\t<div class=\"column-half\">\n\t\t<p>Tel\u00e9fono*<br \/>\n<span class=\"wpcf7-form-control-wrap\" data-name=\"your-phone\"><input size=\"40\" maxlength=\"400\" class=\"wpcf7-form-control wpcf7-tel wpcf7-validates-as-required wpcf7-text wpcf7-validates-as-tel\" aria-required=\"true\" aria-invalid=\"false\" value=\"\" type=\"tel\" name=\"your-phone\" \/><\/span>\n\t\t<\/p>\n\t<\/div>\n<\/div>\n<div class=\"form-row\">\n\t<div class=\"column-half\">\n\t\t<p>Correo electr\u00f3nico*<br \/>\n<span class=\"wpcf7-form-control-wrap\" data-name=\"your-email\"><input size=\"40\" maxlength=\"400\" class=\"wpcf7-form-control wpcf7-email wpcf7-validates-as-required wpcf7-text wpcf7-validates-as-email\" aria-required=\"true\" aria-invalid=\"false\" value=\"\" type=\"email\" name=\"your-email\" \/><\/span>\n\t\t<\/p>\n\t<\/div>\n\t<div class=\"column-half\">\n\t\t<p>Direcci\u00f3n<br \/>\n<span class=\"wpcf7-form-control-wrap\" data-name=\"your-direction\"><input size=\"40\" maxlength=\"400\" class=\"wpcf7-form-control wpcf7-text\" aria-invalid=\"false\" value=\"\" type=\"text\" name=\"your-direction\" \/><\/span>\n\t\t<\/p>\n\t<\/div>\n<\/div>\n<div class=\"form-row\">\n\t<div class=\"column-half\">\n\t\t<p>Poblaci\u00f3n<br \/>\n<span class=\"wpcf7-form-control-wrap\" data-name=\"your-poblacion\"><input size=\"40\" maxlength=\"400\" class=\"wpcf7-form-control wpcf7-text\" aria-invalid=\"false\" value=\"\" type=\"text\" name=\"your-poblacion\" \/><\/span>\n\t\t<\/p>\n\t<\/div>\n\t<div class=\"column-half\">\n\t\t<p>C\u00f3digo postal<br \/>\n<span class=\"wpcf7-form-control-wrap\" data-name=\"your-postal\"><input size=\"40\" maxlength=\"400\" class=\"wpcf7-form-control wpcf7-text\" aria-invalid=\"false\" value=\"\" type=\"text\" name=\"your-postal\" \/><\/span>\n\t\t<\/p>\n\t<\/div>\n<\/div>\n<div class=\"form-row\">\n\t<div class=\"column-half\">\n\t\t<p>Zona*<br \/>\n<span class=\"wpcf7-form-control-wrap\" data-name=\"your-zone\"><select class=\"wpcf7-form-control wpcf7-select wpcf7-validates-as-required\" aria-required=\"true\" aria-invalid=\"false\" name=\"your-zone\"><option value=\"Zona Palma\">Zona Palma<\/option><option value=\"Zona For\u00e1nea\">Zona For\u00e1nea<\/option><option value=\"Zona Municipal\">Zona Municipal<\/option><\/select><\/span>\n\t\t<\/p>\n\t<\/div>\n\t<div class=\"column-half\">\n\t\t<p>Actividad*<br \/>\n<span class=\"wpcf7-form-control-wrap\" data-name=\"your-activity\"><select class=\"wpcf7-form-control wpcf7-select wpcf7-validates-as-required\" aria-required=\"true\" aria-invalid=\"false\" name=\"your-activity\"><option value=\"Hosteler\u00eda-Restauraci\u00f3n\">Hosteler\u00eda-Restauraci\u00f3n<\/option><option value=\"Supermercado\">Supermercado<\/option><option value=\"Fruter\u00eda\">Fruter\u00eda<\/option><option value=\"Percader\u00eda\">Percader\u00eda<\/option><option value=\"Carnicer\u00eda\">Carnicer\u00eda<\/option><option value=\"Otros\">Otros<\/option><\/select><\/span>\n\t\t<\/p>\n\t<\/div>\n<\/div>\n<div class=\"form-row\">\n\t<div class=\"column-full\">\n\t\t<p>Vehiculo Marca\/Modelo*<br \/>\n<span class=\"wpcf7-form-control-wrap\" data-name=\"your-marca-modelo\"><input size=\"40\" maxlength=\"400\" class=\"wpcf7-form-control wpcf7-text wpcf7-validates-as-required\" aria-required=\"true\" aria-invalid=\"false\" value=\"\" type=\"text\" name=\"your-marca-modelo\" \/><\/span>\n\t\t<\/p>\n\t<\/div>\n<\/div>\n<div class=\"form-row\">\n\t<div class=\"column-half\">\n\t\t<p>Matricula*<br \/>\n<span class=\"wpcf7-form-control-wrap\" data-name=\"your-matricula\"><input size=\"40\" maxlength=\"400\" class=\"wpcf7-form-control wpcf7-text wpcf7-validates-as-required\" aria-required=\"true\" aria-invalid=\"false\" value=\"\" type=\"text\" name=\"your-matricula\" \/><\/span>\n\t\t<\/p>\n\t<\/div>\n\t<div class=\"column-half\">\n\t\t<p>Peso m\u00e1ximo*<br \/>\n<span class=\"wpcf7-form-control-wrap\" data-name=\"your-maxkg\"><input size=\"40\" maxlength=\"400\" class=\"wpcf7-form-control wpcf7-text wpcf7-validates-as-required\" aria-required=\"true\" aria-invalid=\"false\" value=\"\" type=\"text\" name=\"your-maxkg\" \/><\/span>\n\t\t<\/p>\n\t<\/div>\n<\/div>\n<div class=\"form-row\">\n\t<div class=\"column-half\">\n\t\t<p>Tara*<br \/>\n<span class=\"wpcf7-form-control-wrap\" data-name=\"your-tara\"><input size=\"40\" maxlength=\"400\" class=\"wpcf7-form-control wpcf7-text wpcf7-validates-as-required\" aria-required=\"true\" aria-invalid=\"false\" value=\"\" type=\"text\" name=\"your-tara\" \/><\/span>\n\t\t<\/p>\n\t<\/div>\n\t<div class=\"column-half\">\n\t\t<p>Carga*<br \/>\n<span class=\"wpcf7-form-control-wrap\" data-name=\"your-carga\"><input size=\"40\" maxlength=\"400\" class=\"wpcf7-form-control wpcf7-text wpcf7-validates-as-required\" aria-required=\"true\" aria-invalid=\"false\" value=\"\" type=\"text\" name=\"your-carga\" \/><\/span>\n\t\t<\/p>\n\t<\/div>\n<\/div>\n<div class=\"form-row\">\n\t<div class=\"column-full\">\n\t\t<p>Comentarios<br \/>\n<span class=\"wpcf7-form-control-wrap\" data-name=\"your-comentarios\"><textarea cols=\"40\" rows=\"10\" maxlength=\"2000\" class=\"wpcf7-form-control wpcf7-textarea\" aria-invalid=\"false\" name=\"your-comentarios\"><\/textarea><\/span>\n\t\t<\/p>\n\t<\/div>\n<\/div>\n<div class=\"form-row\">\n\t<div class=\"column-full\">\n\t\t<p><input type=\"hidden\" name=\"_wpcf7_captcha_challenge_captcha-17\" value=\"589004444\" \/><img loading=\"lazy\" decoding=\"async\" class=\"wpcf7-form-control wpcf7-captchac wpcf7-captcha-captcha-17\" width=\"84\" height=\"28\" alt=\"captcha\" src=\"https:\/\/mercapalma.net\/wp-content\/uploads\/wpcf7_captcha\/589004444.png\" \/>\n\t\t<\/p>\n\t\t<p><span class=\"wpcf7-form-control-wrap\" data-name=\"captcha-17\"><input size=\"40\" class=\"wpcf7-form-control wpcf7-captchar\" autocomplete=\"off\" aria-invalid=\"false\" placeholder=\"Introduzca los caracteres\" value=\"\" type=\"text\" name=\"captcha-17\" \/><\/span>\n\t\t<\/p>\n\t<\/div>\n<\/div>\n<p><input class=\"wpcf7-form-control wpcf7-submit has-spinner\" type=\"submit\" value=\"Enviar\" \/>\n<\/p><div class=\"wpcf7-response-output\" aria-hidden=\"true\"><\/div>\n<\/form>\n<\/div>\n\n<\/div><\/section>\n\n\n","protected":false},"excerpt":{"rendered":"","protected":false},"author":1,"featured_media":0,"parent":0,"menu_order":0,"comment_status":"closed","ping_status":"closed","template":"","meta":{"footnotes":""},"class_list":["post-16716","page","type-page","status-publish","hentry"],"yoast_head":"<!-- This site is optimized with the Yoast SEO plugin v27.0 - https:\/\/yoast.com\/product\/yoast-seo-wordpress\/ -->\n<title>Tarifes i abonaments - Mercapalma<\/title>\n<meta name=\"robots\" content=\"index, follow, max-snippet:-1, max-image-preview:large, max-video-preview:-1\" \/>\n<link rel=\"canonical\" href=\"https:\/\/mercapalma.net\/ca\/tarifes\/\" \/>\n<meta property=\"og:locale\" content=\"ca_ES\" \/>\n<meta property=\"og:type\" content=\"article\" \/>\n<meta property=\"og:title\" content=\"Tarifes i abonaments - Mercapalma\" \/>\n<meta property=\"og:url\" content=\"https:\/\/mercapalma.net\/ca\/tarifes\/\" \/>\n<meta property=\"og:site_name\" content=\"Mercapalma\" \/>\n<meta property=\"article:publisher\" content=\"https:\/\/www.facebook.com\/mercapalma.sa\" \/>\n<meta property=\"article:modified_time\" content=\"2026-01-22T09:52:49+00:00\" \/>\n<meta property=\"og:image\" content=\"https:\/\/mercapalma.net\/wp-content\/uploads\/Logo-Mercapalma_300-01.png\" \/>\n\t<meta property=\"og:image:width\" content=\"2775\" \/>\n\t<meta property=\"og:image:height\" content=\"442\" \/>\n\t<meta property=\"og:image:type\" content=\"image\/png\" \/>\n<meta name=\"twitter:card\" content=\"summary_large_image\" \/>\n<meta name=\"twitter:label1\" content=\"Temps estimat de lectura\" \/>\n\t<meta name=\"twitter:data1\" content=\"3 minuts\" \/>\n<script type=\"application\/ld+json\" class=\"yoast-schema-graph\">{\"@context\":\"https:\/\/schema.org\",\"@graph\":[{\"@type\":\"WebPage\",\"@id\":\"https:\/\/mercapalma.net\/ca\/tarifes\/\",\"url\":\"https:\/\/mercapalma.net\/ca\/tarifes\/\",\"name\":\"Tarifes i abonaments - Mercapalma\",\"isPartOf\":{\"@id\":\"https:\/\/mercapalma.net\/#website\"},\"datePublished\":\"2021-02-10T19:50:44+00:00\",\"dateModified\":\"2026-01-22T09:52:49+00:00\",\"breadcrumb\":{\"@id\":\"https:\/\/mercapalma.net\/ca\/tarifes\/#breadcrumb\"},\"inLanguage\":\"ca\",\"potentialAction\":[{\"@type\":\"ReadAction\",\"target\":[\"https:\/\/mercapalma.net\/ca\/tarifes\/\"]}]},{\"@type\":\"BreadcrumbList\",\"@id\":\"https:\/\/mercapalma.net\/ca\/tarifes\/#breadcrumb\",\"itemListElement\":[{\"@type\":\"ListItem\",\"position\":1,\"name\":\"Portada\",\"item\":\"https:\/\/mercapalma.net\/ca\/\"},{\"@type\":\"ListItem\",\"position\":2,\"name\":\"Tarifes i abonaments\"}]},{\"@type\":\"WebSite\",\"@id\":\"https:\/\/mercapalma.net\/#website\",\"url\":\"https:\/\/mercapalma.net\/\",\"name\":\"Mercapalma\",\"description\":\"Mercados centrales de abastecimientos de Mallorca\",\"publisher\":{\"@id\":\"https:\/\/mercapalma.net\/#organization\"},\"potentialAction\":[{\"@type\":\"SearchAction\",\"target\":{\"@type\":\"EntryPoint\",\"urlTemplate\":\"https:\/\/mercapalma.net\/?s={search_term_string}\"},\"query-input\":{\"@type\":\"PropertyValueSpecification\",\"valueRequired\":true,\"valueName\":\"search_term_string\"}}],\"inLanguage\":\"ca\"},{\"@type\":\"Organization\",\"@id\":\"https:\/\/mercapalma.net\/#organization\",\"name\":\"Mercapalma\",\"url\":\"https:\/\/mercapalma.net\/\",\"logo\":{\"@type\":\"ImageObject\",\"inLanguage\":\"ca\",\"@id\":\"https:\/\/mercapalma.net\/#\/schema\/logo\/image\/\",\"url\":\"https:\/\/mercapalma.net\/wp-content\/uploads\/mercapalma.jpeg\",\"contentUrl\":\"https:\/\/mercapalma.net\/wp-content\/uploads\/mercapalma.jpeg\",\"width\":324,\"height\":200,\"caption\":\"Mercapalma\"},\"image\":{\"@id\":\"https:\/\/mercapalma.net\/#\/schema\/logo\/image\/\"},\"sameAs\":[\"https:\/\/www.facebook.com\/mercapalma.sa\",\"https:\/\/www.instagram.com\/mercapalma\/\"]}]}<\/script>\n<!-- \/ Yoast SEO plugin. -->","yoast_head_json":{"title":"Tarifes i abonaments - Mercapalma","robots":{"index":"index","follow":"follow","max-snippet":"max-snippet:-1","max-image-preview":"max-image-preview:large","max-video-preview":"max-video-preview:-1"},"canonical":"https:\/\/mercapalma.net\/ca\/tarifes\/","og_locale":"ca_ES","og_type":"article","og_title":"Tarifes i abonaments - Mercapalma","og_url":"https:\/\/mercapalma.net\/ca\/tarifes\/","og_site_name":"Mercapalma","article_publisher":"https:\/\/www.facebook.com\/mercapalma.sa","article_modified_time":"2026-01-22T09:52:49+00:00","og_image":[{"width":2775,"height":442,"url":"https:\/\/mercapalma.net\/wp-content\/uploads\/Logo-Mercapalma_300-01.png","type":"image\/png"}],"twitter_card":"summary_large_image","twitter_misc":{"Temps estimat de lectura":"3 minuts"},"schema":{"@context":"https:\/\/schema.org","@graph":[{"@type":"WebPage","@id":"https:\/\/mercapalma.net\/ca\/tarifes\/","url":"https:\/\/mercapalma.net\/ca\/tarifes\/","name":"Tarifes i abonaments - Mercapalma","isPartOf":{"@id":"https:\/\/mercapalma.net\/#website"},"datePublished":"2021-02-10T19:50:44+00:00","dateModified":"2026-01-22T09:52:49+00:00","breadcrumb":{"@id":"https:\/\/mercapalma.net\/ca\/tarifes\/#breadcrumb"},"inLanguage":"ca","potentialAction":[{"@type":"ReadAction","target":["https:\/\/mercapalma.net\/ca\/tarifes\/"]}]},{"@type":"BreadcrumbList","@id":"https:\/\/mercapalma.net\/ca\/tarifes\/#breadcrumb","itemListElement":[{"@type":"ListItem","position":1,"name":"Portada","item":"https:\/\/mercapalma.net\/ca\/"},{"@type":"ListItem","position":2,"name":"Tarifes i abonaments"}]},{"@type":"WebSite","@id":"https:\/\/mercapalma.net\/#website","url":"https:\/\/mercapalma.net\/","name":"Mercapalma","description":"Mercados centrales de abastecimientos de Mallorca","publisher":{"@id":"https:\/\/mercapalma.net\/#organization"},"potentialAction":[{"@type":"SearchAction","target":{"@type":"EntryPoint","urlTemplate":"https:\/\/mercapalma.net\/?s={search_term_string}"},"query-input":{"@type":"PropertyValueSpecification","valueRequired":true,"valueName":"search_term_string"}}],"inLanguage":"ca"},{"@type":"Organization","@id":"https:\/\/mercapalma.net\/#organization","name":"Mercapalma","url":"https:\/\/mercapalma.net\/","logo":{"@type":"ImageObject","inLanguage":"ca","@id":"https:\/\/mercapalma.net\/#\/schema\/logo\/image\/","url":"https:\/\/mercapalma.net\/wp-content\/uploads\/mercapalma.jpeg","contentUrl":"https:\/\/mercapalma.net\/wp-content\/uploads\/mercapalma.jpeg","width":324,"height":200,"caption":"Mercapalma"},"image":{"@id":"https:\/\/mercapalma.net\/#\/schema\/logo\/image\/"},"sameAs":["https:\/\/www.facebook.com\/mercapalma.sa","https:\/\/www.instagram.com\/mercapalma\/"]}]}},"_links":{"self":[{"href":"https:\/\/mercapalma.net\/ca\/wp-json\/wp\/v2\/pages\/16716","targetHints":{"allow":["GET"]}}],"collection":[{"href":"https:\/\/mercapalma.net\/ca\/wp-json\/wp\/v2\/pages"}],"about":[{"href":"https:\/\/mercapalma.net\/ca\/wp-json\/wp\/v2\/types\/page"}],"author":[{"embeddable":true,"href":"https:\/\/mercapalma.net\/ca\/wp-json\/wp\/v2\/users\/1"}],"replies":[{"embeddable":true,"href":"https:\/\/mercapalma.net\/ca\/wp-json\/wp\/v2\/comments?post=16716"}],"version-history":[{"count":4,"href":"https:\/\/mercapalma.net\/ca\/wp-json\/wp\/v2\/pages\/16716\/revisions"}],"predecessor-version":[{"id":22696,"href":"https:\/\/mercapalma.net\/ca\/wp-json\/wp\/v2\/pages\/16716\/revisions\/22696"}],"wp:attachment":[{"href":"https:\/\/mercapalma.net\/ca\/wp-json\/wp\/v2\/media?parent=16716"}],"curies":[{"name":"wp","href":"https:\/\/api.w.org\/{rel}","templated":true}]}}