{"id":16673,"date":"2021-02-10T18:52:26","date_gmt":"2021-02-10T18:52:26","guid":{"rendered":"https:\/\/mercapalma.net\/?page_id=16673"},"modified":"2021-02-10T18:52:26","modified_gmt":"2021-02-10T18:52:26","slug":"distribucio-i-ocupacio","status":"publish","type":"page","link":"https:\/\/mercapalma.net\/ca\/distribucio-i-ocupacio\/","title":{"rendered":"Distribuci\u00f3 i Ocupaci\u00f3"},"content":{"rendered":"<div class=\"flex_column av_one_full  flex_column_div av-zero-column-padding first  avia-builder-el-0  avia-builder-el-no-sibling  \" style='border-radius:0px; '><div  class='avia-table main_color avia-pricing-table-container  avia_pricing_default   avia-builder-el-1  avia-builder-el-no-sibling  avia-table-1'  itemscope=\"itemscope\" itemtype=\"https:\/\/schema.org\/Table\" ><div class='pricing-table-wrap'><ul class='pricing-table '><li class='avia-heading-row'><div class='first-table-item'>DISTRIBUCI\u00d3 DE LA SUPERF\u00cdCIE<\/div><span class='pricing-extra'><\/span><\/li><li class=''>PAVELLONS I i II<br \/>\n2 Pavellons amb un total de 116 llocs i una superf\u00edcie de 54 m2<br \/>\nper lloc<\/li><li class=''>PAVELLONS DE POLIVAL\u00c8NCIA<br \/>\nPavell\u00f3 III: compost per 11 m\u00f2duls amb una superf\u00edcie de 110<br \/>\nm\u00b2 i 2 de 360 m\u00b2<br \/>\nPavell\u00f3 IV: compost per 24 m\u00f2duls de 90 m\u00b2 i 2 de 140 m\u00b2<br \/>\nPavell\u00f3 V: compost per 7 m\u00f2duls de 360 m\u00b2<br \/>\nPavell\u00f3 VI: compost per 1 m\u00f2dul de 190 m\u00b2, 2 de 205 m\u00b2, 1 de 397 m\u00b2<br \/>\ni 1 de 664 m\u00b2<br \/>\nPavellon VII: compost per 4 m\u00f2duls de 380 m\u00b2, 424 m\u00b2, 468 m\u00b2 i 520 m\u00b2<\/li><li class=''>SITUAT DE PRODUCTORS<br \/>\nConsta de 216 llocs de 6 m2 cadascun<\/li><li class=''>ZAC (Zona d&#8217;Activitats Complement\u00e0ries)<br \/>\nConsta de 78 parcel\u00b7les de diferents mesures<\/li><li class=''>LCO (Locals Comercials i Centre administratiu)<br \/>\nConsta de 19 locals comercials de diferents mesures i el Centre administratiu<\/li><li class=''>VIALS, MOLLS DE C\u00c0RREGA, VORERES, ZONES VERDES I APARCAMENTS<\/li><\/ul><\/div><\/div><\/div>\n","protected":false},"excerpt":{"rendered":"<p>&#8230;<\/p>\n","protected":false},"author":1,"featured_media":0,"parent":0,"menu_order":0,"comment_status":"closed","ping_status":"closed","template":"","meta":{"footnotes":""},"class_list":["post-16673","page","type-page","status-publish","hentry"],"yoast_head":"<!-- This site is optimized with the Yoast SEO plugin v27.0 - https:\/\/yoast.com\/product\/yoast-seo-wordpress\/ -->\n<title>Distribuci\u00f3 i Ocupaci\u00f3 - Mercapalma<\/title>\n<meta name=\"robots\" content=\"index, follow, max-snippet:-1, max-image-preview:large, max-video-preview:-1\" \/>\n<link rel=\"canonical\" href=\"https:\/\/mercapalma.net\/distribucion-de-la-superficie\/\" \/>\n<meta property=\"og:locale\" content=\"ca_ES\" \/>\n<meta property=\"og:type\" content=\"article\" \/>\n<meta property=\"og:title\" content=\"Distribuci\u00f3 i Ocupaci\u00f3 - Mercapalma\" \/>\n<meta property=\"og:description\" content=\"...\" \/>\n<meta property=\"og:url\" content=\"https:\/\/mercapalma.net\/distribucion-de-la-superficie\/\" \/>\n<meta property=\"og:site_name\" content=\"Mercapalma\" \/>\n<meta property=\"article:publisher\" content=\"https:\/\/www.facebook.com\/mercapalma.sa\" \/>\n<meta property=\"og:image\" content=\"https:\/\/mercapalma.net\/wp-content\/uploads\/Logo-Mercapalma_300-01.png\" \/>\n\t<meta property=\"og:image:width\" content=\"2775\" \/>\n\t<meta property=\"og:image:height\" content=\"442\" \/>\n\t<meta property=\"og:image:type\" content=\"image\/png\" \/>\n<meta name=\"twitter:card\" content=\"summary_large_image\" \/>\n<meta name=\"twitter:label1\" content=\"Temps estimat de lectura\" \/>\n\t<meta name=\"twitter:data1\" content=\"2 minuts\" \/>\n<script type=\"application\/ld+json\" class=\"yoast-schema-graph\">{\"@context\":\"https:\/\/schema.org\",\"@graph\":[{\"@type\":\"WebPage\",\"@id\":\"https:\/\/mercapalma.net\/distribucion-de-la-superficie\/\",\"url\":\"https:\/\/mercapalma.net\/distribucion-de-la-superficie\/\",\"name\":\"Distribuci\u00f3 i Ocupaci\u00f3 - Mercapalma\",\"isPartOf\":{\"@id\":\"https:\/\/mercapalma.net\/#website\"},\"datePublished\":\"2021-02-10T18:52:26+00:00\",\"breadcrumb\":{\"@id\":\"https:\/\/mercapalma.net\/distribucion-de-la-superficie\/#breadcrumb\"},\"inLanguage\":\"ca\",\"potentialAction\":[{\"@type\":\"ReadAction\",\"target\":[\"https:\/\/mercapalma.net\/distribucion-de-la-superficie\/\"]}]},{\"@type\":\"BreadcrumbList\",\"@id\":\"https:\/\/mercapalma.net\/distribucion-de-la-superficie\/#breadcrumb\",\"itemListElement\":[{\"@type\":\"ListItem\",\"position\":1,\"name\":\"Portada\",\"item\":\"https:\/\/mercapalma.net\/ca\/\"},{\"@type\":\"ListItem\",\"position\":2,\"name\":\"Distribuci\u00f3 i Ocupaci\u00f3\"}]},{\"@type\":\"WebSite\",\"@id\":\"https:\/\/mercapalma.net\/#website\",\"url\":\"https:\/\/mercapalma.net\/\",\"name\":\"Mercapalma\",\"description\":\"Mercados centrales de abastecimientos de Mallorca\",\"publisher\":{\"@id\":\"https:\/\/mercapalma.net\/#organization\"},\"potentialAction\":[{\"@type\":\"SearchAction\",\"target\":{\"@type\":\"EntryPoint\",\"urlTemplate\":\"https:\/\/mercapalma.net\/?s={search_term_string}\"},\"query-input\":{\"@type\":\"PropertyValueSpecification\",\"valueRequired\":true,\"valueName\":\"search_term_string\"}}],\"inLanguage\":\"ca\"},{\"@type\":\"Organization\",\"@id\":\"https:\/\/mercapalma.net\/#organization\",\"name\":\"Mercapalma\",\"url\":\"https:\/\/mercapalma.net\/\",\"logo\":{\"@type\":\"ImageObject\",\"inLanguage\":\"ca\",\"@id\":\"https:\/\/mercapalma.net\/#\/schema\/logo\/image\/\",\"url\":\"https:\/\/mercapalma.net\/wp-content\/uploads\/mercapalma.jpeg\",\"contentUrl\":\"https:\/\/mercapalma.net\/wp-content\/uploads\/mercapalma.jpeg\",\"width\":324,\"height\":200,\"caption\":\"Mercapalma\"},\"image\":{\"@id\":\"https:\/\/mercapalma.net\/#\/schema\/logo\/image\/\"},\"sameAs\":[\"https:\/\/www.facebook.com\/mercapalma.sa\",\"https:\/\/www.instagram.com\/mercapalma\/\"]}]}<\/script>\n<!-- \/ Yoast SEO plugin. -->","yoast_head_json":{"title":"Distribuci\u00f3 i Ocupaci\u00f3 - Mercapalma","robots":{"index":"index","follow":"follow","max-snippet":"max-snippet:-1","max-image-preview":"max-image-preview:large","max-video-preview":"max-video-preview:-1"},"canonical":"https:\/\/mercapalma.net\/distribucion-de-la-superficie\/","og_locale":"ca_ES","og_type":"article","og_title":"Distribuci\u00f3 i Ocupaci\u00f3 - Mercapalma","og_description":"...","og_url":"https:\/\/mercapalma.net\/distribucion-de-la-superficie\/","og_site_name":"Mercapalma","article_publisher":"https:\/\/www.facebook.com\/mercapalma.sa","og_image":[{"width":2775,"height":442,"url":"https:\/\/mercapalma.net\/wp-content\/uploads\/Logo-Mercapalma_300-01.png","type":"image\/png"}],"twitter_card":"summary_large_image","twitter_misc":{"Temps estimat de lectura":"2 minuts"},"schema":{"@context":"https:\/\/schema.org","@graph":[{"@type":"WebPage","@id":"https:\/\/mercapalma.net\/distribucion-de-la-superficie\/","url":"https:\/\/mercapalma.net\/distribucion-de-la-superficie\/","name":"Distribuci\u00f3 i Ocupaci\u00f3 - Mercapalma","isPartOf":{"@id":"https:\/\/mercapalma.net\/#website"},"datePublished":"2021-02-10T18:52:26+00:00","breadcrumb":{"@id":"https:\/\/mercapalma.net\/distribucion-de-la-superficie\/#breadcrumb"},"inLanguage":"ca","potentialAction":[{"@type":"ReadAction","target":["https:\/\/mercapalma.net\/distribucion-de-la-superficie\/"]}]},{"@type":"BreadcrumbList","@id":"https:\/\/mercapalma.net\/distribucion-de-la-superficie\/#breadcrumb","itemListElement":[{"@type":"ListItem","position":1,"name":"Portada","item":"https:\/\/mercapalma.net\/ca\/"},{"@type":"ListItem","position":2,"name":"Distribuci\u00f3 i Ocupaci\u00f3"}]},{"@type":"WebSite","@id":"https:\/\/mercapalma.net\/#website","url":"https:\/\/mercapalma.net\/","name":"Mercapalma","description":"Mercados centrales de abastecimientos de Mallorca","publisher":{"@id":"https:\/\/mercapalma.net\/#organization"},"potentialAction":[{"@type":"SearchAction","target":{"@type":"EntryPoint","urlTemplate":"https:\/\/mercapalma.net\/?s={search_term_string}"},"query-input":{"@type":"PropertyValueSpecification","valueRequired":true,"valueName":"search_term_string"}}],"inLanguage":"ca"},{"@type":"Organization","@id":"https:\/\/mercapalma.net\/#organization","name":"Mercapalma","url":"https:\/\/mercapalma.net\/","logo":{"@type":"ImageObject","inLanguage":"ca","@id":"https:\/\/mercapalma.net\/#\/schema\/logo\/image\/","url":"https:\/\/mercapalma.net\/wp-content\/uploads\/mercapalma.jpeg","contentUrl":"https:\/\/mercapalma.net\/wp-content\/uploads\/mercapalma.jpeg","width":324,"height":200,"caption":"Mercapalma"},"image":{"@id":"https:\/\/mercapalma.net\/#\/schema\/logo\/image\/"},"sameAs":["https:\/\/www.facebook.com\/mercapalma.sa","https:\/\/www.instagram.com\/mercapalma\/"]}]}},"_links":{"self":[{"href":"https:\/\/mercapalma.net\/ca\/wp-json\/wp\/v2\/pages\/16673","targetHints":{"allow":["GET"]}}],"collection":[{"href":"https:\/\/mercapalma.net\/ca\/wp-json\/wp\/v2\/pages"}],"about":[{"href":"https:\/\/mercapalma.net\/ca\/wp-json\/wp\/v2\/types\/page"}],"author":[{"embeddable":true,"href":"https:\/\/mercapalma.net\/ca\/wp-json\/wp\/v2\/users\/1"}],"replies":[{"embeddable":true,"href":"https:\/\/mercapalma.net\/ca\/wp-json\/wp\/v2\/comments?post=16673"}],"version-history":[{"count":0,"href":"https:\/\/mercapalma.net\/ca\/wp-json\/wp\/v2\/pages\/16673\/revisions"}],"wp:attachment":[{"href":"https:\/\/mercapalma.net\/ca\/wp-json\/wp\/v2\/media?parent=16673"}],"curies":[{"name":"wp","href":"https:\/\/api.w.org\/{rel}","templated":true}]}}