{"id":12625,"date":"2021-02-09T20:48:58","date_gmt":"2021-02-09T20:48:58","guid":{"rendered":"https:\/\/mercapalma.net\/?page_id=12625"},"modified":"2025-12-19T10:05:52","modified_gmt":"2025-12-19T09:05:52","slug":"calidad","status":"publish","type":"page","link":"https:\/\/mercapalma.net\/ca\/calidad\/","title":{"rendered":"Qualitat"},"content":{"rendered":"<div class=\"flex_column av_one_full  flex_column_div av-zero-column-padding first  avia-builder-el-0  el_before_av_one_half  avia-builder-el-first  \" style='border-radius:0px; '><section class=\"av_textblock_section \"  itemscope=\"itemscope\" itemtype=\"https:\/\/schema.org\/CreativeWork\" ><div class='avia_textblock  '  style='font-size:20px; '  itemprop=\"text\" ><p align=\"justify\">Mercapalma com a mostra del seu comprom\u00eds amb la millora cont\u00ednua i la qualitat en totes les seves \u00e0rees d&#8217;activitat, disposa d&#8217;un sistema de gesti\u00f3 de qualitat implantat i certificat segons els requisits de la Norma <strong>UNE EN ISO 9001:2015<\/strong>.<\/p>\n<\/div><\/section><\/div>\n<div class=\"flex_column av_one_half  flex_column_div av-zero-column-padding first  avia-builder-el-2  el_after_av_one_full  el_before_av_one_half  column-top-margin\" style='border-radius:0px; '><div  class='avia-image-container  av-styling-    avia-builder-el-3  avia-builder-el-no-sibling  avia-align-right '  itemprop=\"image\" itemscope=\"itemscope\" itemtype=\"https:\/\/schema.org\/ImageObject\"  ><div class='avia-image-container-inner'><div class='avia-image-overlay-wrap'><a href='https:\/\/mercapalma.net\/wp-content\/uploads\/AENOR-ER-00032020-02-01-2026-ES-18-12-2025-.pdf' class='avia_image' target=\"_blank\" rel=\"noopener noreferrer\"><img decoding=\"async\" width=\"1258\" height=\"1780\" class='wp-image-22584 avia-img-lazy-loading-not-22584 avia_image' src=\"https:\/\/mercapalma.net\/wp-content\/uploads\/Captura-de-pantalla-2025-12-19-a-las-10.01.23.png\" alt='' title='Captura de pantalla 2025-12-19 a las 10.01.23'  itemprop=\"thumbnailUrl\" srcset=\"https:\/\/mercapalma.net\/wp-content\/uploads\/Captura-de-pantalla-2025-12-19-a-las-10.01.23.png 1258w, https:\/\/mercapalma.net\/wp-content\/uploads\/Captura-de-pantalla-2025-12-19-a-las-10.01.23-728x1030.png 728w, https:\/\/mercapalma.net\/wp-content\/uploads\/Captura-de-pantalla-2025-12-19-a-las-10.01.23-768x1087.png 768w, https:\/\/mercapalma.net\/wp-content\/uploads\/Captura-de-pantalla-2025-12-19-a-las-10.01.23-1086x1536.png 1086w, https:\/\/mercapalma.net\/wp-content\/uploads\/Captura-de-pantalla-2025-12-19-a-las-10.01.23-1060x1500.png 1060w, https:\/\/mercapalma.net\/wp-content\/uploads\/Captura-de-pantalla-2025-12-19-a-las-10.01.23-498x705.png 498w\" sizes=\"(max-width: 1258px) 100vw, 1258px\" \/><\/a><\/div><\/div><\/div><\/div><div class=\"flex_column av_one_half  flex_column_div av-zero-column-padding   avia-builder-el-4  el_after_av_one_half  el_before_av_one_full  column-top-margin\" style='border-radius:0px; '><div  class='avia-image-container  av-styling-    avia-builder-el-5  avia-builder-el-no-sibling  avia-align-left '  itemprop=\"image\" itemscope=\"itemscope\" itemtype=\"https:\/\/schema.org\/ImageObject\"  ><div class='avia-image-container-inner'><div class='avia-image-overlay-wrap'><a href='https:\/\/mercapalma.net\/wp-content\/uploads\/IQNET-ES-00032020-02-01-2026-EN-18-12-2025-.pdf' class='avia_image' target=\"_blank\" rel=\"noopener noreferrer\"><img decoding=\"async\" width=\"1260\" height=\"1782\" class='wp-image-22586 avia-img-lazy-loading-not-22586 avia_image' src=\"https:\/\/mercapalma.net\/wp-content\/uploads\/Captura-de-pantalla-2025-12-19-a-las-10.01.42.png\" alt='' title='Captura de pantalla 2025-12-19 a las 10.01.42'  itemprop=\"thumbnailUrl\" srcset=\"https:\/\/mercapalma.net\/wp-content\/uploads\/Captura-de-pantalla-2025-12-19-a-las-10.01.42.png 1260w, https:\/\/mercapalma.net\/wp-content\/uploads\/Captura-de-pantalla-2025-12-19-a-las-10.01.42-728x1030.png 728w, https:\/\/mercapalma.net\/wp-content\/uploads\/Captura-de-pantalla-2025-12-19-a-las-10.01.42-768x1086.png 768w, https:\/\/mercapalma.net\/wp-content\/uploads\/Captura-de-pantalla-2025-12-19-a-las-10.01.42-1086x1536.png 1086w, https:\/\/mercapalma.net\/wp-content\/uploads\/Captura-de-pantalla-2025-12-19-a-las-10.01.42-1061x1500.png 1061w, https:\/\/mercapalma.net\/wp-content\/uploads\/Captura-de-pantalla-2025-12-19-a-las-10.01.42-498x705.png 498w\" sizes=\"(max-width: 1260px) 100vw, 1260px\" \/><\/a><\/div><\/div><\/div><\/div><div class=\"flex_column av_one_full  flex_column_div av-zero-column-padding first  avia-builder-el-6  el_after_av_one_half  el_before_av_one_full  column-top-margin\" style='border-radius:0px; '><section class=\"av_textblock_section \"  itemscope=\"itemscope\" itemtype=\"https:\/\/schema.org\/CreativeWork\" ><div class='avia_textblock  '  style='font-size:20px; '  itemprop=\"text\" ><p><strong>El 23 de juliol de 2020<\/strong> MERCAPALMA va obtenir el certificat <a href=\"https:\/\/www.aenor.com\/\">d&#8217;AENOR<\/a> per les seves protocols enfront del COVID-19, un complet pla de mesures preventives de seguretat i salut per a treballadors, i usuaris de les instal\u00b7lacions comunes de la unitat aliment\u00e0ria. El certificat d&#8217;AENOR \u00e9s un aval extern sobre l&#8217;efectivitat de les mesures que aplica el mercat central d&#8217;abastament i, de forma paral\u00b7lela, recolza que aquestes iniciatives compleixen amb les directrius marcades pel Ministeri de Sanitat en mat\u00e8ria de prevenci\u00f3 i higiene sobre el COVID -19.<\/p>\n<\/div><\/section><\/div><\/p>\n<div class=\"flex_column av_one_full  flex_column_div av-zero-column-padding first  avia-builder-el-8  el_after_av_one_full  avia-builder-el-last  column-top-margin\" style='border-radius:0px; '><div  class='avia-image-container  av-styling-    avia-builder-el-9  avia-builder-el-no-sibling  avia-align-center '  itemprop=\"image\" itemscope=\"itemscope\" itemtype=\"https:\/\/schema.org\/ImageObject\"  ><div class='avia-image-container-inner'><div class='avia-image-overlay-wrap'><a href='https:\/\/mercapalma.net\/wp-content\/uploads\/CertificadoCOV-2020-0078_ES_2020-07-24-3.pdf' class='avia_image' target=\"_blank\" rel=\"noopener noreferrer\"><img decoding=\"async\" width=\"236\" height=\"334\" class='wp-image-16198 avia-img-lazy-loading-not-16198 avia_image' src=\"https:\/\/mercapalma.net\/wp-content\/uploads\/Captura-de-pantalla-de-2020-09-21-15-03-29.png\" alt='' title='Captura-de-pantalla-de-2020-09-21-15-03-29'  itemprop=\"thumbnailUrl\" srcset=\"https:\/\/mercapalma.net\/wp-content\/uploads\/Captura-de-pantalla-de-2020-09-21-15-03-29.png 236w, https:\/\/mercapalma.net\/wp-content\/uploads\/Captura-de-pantalla-de-2020-09-21-15-03-29-212x300.png 212w\" sizes=\"(max-width: 236px) 100vw, 236px\" \/><\/a><\/div><\/div><\/div><\/div>\n","protected":false},"excerpt":{"rendered":"<p>[av_one_full first min_height=&#8221; vertical_alignment=&#8221; space=&#8221; custom_margin=&#8221; margin=&#8217;0px&#8217; row_boxshadow=&#8221; row_boxshadow_color=&#8221; row_boxshadow_width=&#8217;10&#8217; link=&#8221; linktarget=&#8221; link_hover=&#8221; title_attr=&#8221; alt_attr=&#8221; padding=&#8217;0px&#8217; highlight=&#8221; hi&#8230;<\/p>\n","protected":false},"author":1,"featured_media":0,"parent":0,"menu_order":0,"comment_status":"closed","ping_status":"closed","template":"","meta":{"footnotes":""},"class_list":["post-12625","page","type-page","status-publish","hentry"],"yoast_head":"<!-- This site is optimized with the Yoast SEO plugin v27.0 - https:\/\/yoast.com\/product\/yoast-seo-wordpress\/ -->\n<title>Qualitat - Mercapalma<\/title>\n<meta name=\"robots\" content=\"index, follow, max-snippet:-1, max-image-preview:large, max-video-preview:-1\" \/>\n<link rel=\"canonical\" href=\"https:\/\/mercapalma.net\/ca\/calidad\/\" \/>\n<meta property=\"og:locale\" content=\"ca_ES\" \/>\n<meta property=\"og:type\" content=\"article\" \/>\n<meta property=\"og:title\" content=\"Qualitat - Mercapalma\" \/>\n<meta property=\"og:description\" content=\"[av_one_full first min_height=&#039;&#039; vertical_alignment=&#039;&#039; space=&#039;&#039; custom_margin=&#039;&#039; margin=&#039;0px&#039; row_boxshadow=&#039;&#039; row_boxshadow_color=&#039;&#039; row_boxshadow_width=&#039;10&#039; link=&#039;&#039; linktarget=&#039;&#039; link_hover=&#039;&#039; title_attr=&#039;&#039; alt_attr=&#039;&#039; padding=&#039;0px&#039; highlight=&#039;&#039; hi...\" \/>\n<meta property=\"og:url\" content=\"https:\/\/mercapalma.net\/ca\/calidad\/\" \/>\n<meta property=\"og:site_name\" content=\"Mercapalma\" \/>\n<meta property=\"article:publisher\" content=\"https:\/\/www.facebook.com\/mercapalma.sa\" \/>\n<meta property=\"article:modified_time\" content=\"2025-12-19T09:05:52+00:00\" \/>\n<meta property=\"og:image\" content=\"https:\/\/mercapalma.net\/wp-content\/uploads\/Logo-Mercapalma_300-01.png\" \/>\n\t<meta property=\"og:image:width\" content=\"2775\" \/>\n\t<meta property=\"og:image:height\" content=\"442\" \/>\n\t<meta property=\"og:image:type\" content=\"image\/png\" \/>\n<meta name=\"twitter:card\" content=\"summary_large_image\" \/>\n<meta name=\"twitter:label1\" content=\"Temps estimat de lectura\" \/>\n\t<meta name=\"twitter:data1\" content=\"2 minuts\" \/>\n<script type=\"application\/ld+json\" class=\"yoast-schema-graph\">{\"@context\":\"https:\/\/schema.org\",\"@graph\":[{\"@type\":\"WebPage\",\"@id\":\"https:\/\/mercapalma.net\/ca\/calidad\/\",\"url\":\"https:\/\/mercapalma.net\/ca\/calidad\/\",\"name\":\"Qualitat - Mercapalma\",\"isPartOf\":{\"@id\":\"https:\/\/mercapalma.net\/#website\"},\"datePublished\":\"2021-02-09T20:48:58+00:00\",\"dateModified\":\"2025-12-19T09:05:52+00:00\",\"breadcrumb\":{\"@id\":\"https:\/\/mercapalma.net\/ca\/calidad\/#breadcrumb\"},\"inLanguage\":\"ca\",\"potentialAction\":[{\"@type\":\"ReadAction\",\"target\":[\"https:\/\/mercapalma.net\/ca\/calidad\/\"]}]},{\"@type\":\"BreadcrumbList\",\"@id\":\"https:\/\/mercapalma.net\/ca\/calidad\/#breadcrumb\",\"itemListElement\":[{\"@type\":\"ListItem\",\"position\":1,\"name\":\"Portada\",\"item\":\"https:\/\/mercapalma.net\/ca\/\"},{\"@type\":\"ListItem\",\"position\":2,\"name\":\"Qualitat\"}]},{\"@type\":\"WebSite\",\"@id\":\"https:\/\/mercapalma.net\/#website\",\"url\":\"https:\/\/mercapalma.net\/\",\"name\":\"Mercapalma\",\"description\":\"Mercados centrales de abastecimientos de Mallorca\",\"publisher\":{\"@id\":\"https:\/\/mercapalma.net\/#organization\"},\"potentialAction\":[{\"@type\":\"SearchAction\",\"target\":{\"@type\":\"EntryPoint\",\"urlTemplate\":\"https:\/\/mercapalma.net\/?s={search_term_string}\"},\"query-input\":{\"@type\":\"PropertyValueSpecification\",\"valueRequired\":true,\"valueName\":\"search_term_string\"}}],\"inLanguage\":\"ca\"},{\"@type\":\"Organization\",\"@id\":\"https:\/\/mercapalma.net\/#organization\",\"name\":\"Mercapalma\",\"url\":\"https:\/\/mercapalma.net\/\",\"logo\":{\"@type\":\"ImageObject\",\"inLanguage\":\"ca\",\"@id\":\"https:\/\/mercapalma.net\/#\/schema\/logo\/image\/\",\"url\":\"https:\/\/mercapalma.net\/wp-content\/uploads\/mercapalma.jpeg\",\"contentUrl\":\"https:\/\/mercapalma.net\/wp-content\/uploads\/mercapalma.jpeg\",\"width\":324,\"height\":200,\"caption\":\"Mercapalma\"},\"image\":{\"@id\":\"https:\/\/mercapalma.net\/#\/schema\/logo\/image\/\"},\"sameAs\":[\"https:\/\/www.facebook.com\/mercapalma.sa\",\"https:\/\/www.instagram.com\/mercapalma\/\"]}]}<\/script>\n<!-- \/ Yoast SEO plugin. -->","yoast_head_json":{"title":"Qualitat - Mercapalma","robots":{"index":"index","follow":"follow","max-snippet":"max-snippet:-1","max-image-preview":"max-image-preview:large","max-video-preview":"max-video-preview:-1"},"canonical":"https:\/\/mercapalma.net\/ca\/calidad\/","og_locale":"ca_ES","og_type":"article","og_title":"Qualitat - Mercapalma","og_description":"[av_one_full first min_height='' vertical_alignment='' space='' custom_margin='' margin='0px' row_boxshadow='' row_boxshadow_color='' row_boxshadow_width='10' link='' linktarget='' link_hover='' title_attr='' alt_attr='' padding='0px' highlight='' hi...","og_url":"https:\/\/mercapalma.net\/ca\/calidad\/","og_site_name":"Mercapalma","article_publisher":"https:\/\/www.facebook.com\/mercapalma.sa","article_modified_time":"2025-12-19T09:05:52+00:00","og_image":[{"width":2775,"height":442,"url":"https:\/\/mercapalma.net\/wp-content\/uploads\/Logo-Mercapalma_300-01.png","type":"image\/png"}],"twitter_card":"summary_large_image","twitter_misc":{"Temps estimat de lectura":"2 minuts"},"schema":{"@context":"https:\/\/schema.org","@graph":[{"@type":"WebPage","@id":"https:\/\/mercapalma.net\/ca\/calidad\/","url":"https:\/\/mercapalma.net\/ca\/calidad\/","name":"Qualitat - Mercapalma","isPartOf":{"@id":"https:\/\/mercapalma.net\/#website"},"datePublished":"2021-02-09T20:48:58+00:00","dateModified":"2025-12-19T09:05:52+00:00","breadcrumb":{"@id":"https:\/\/mercapalma.net\/ca\/calidad\/#breadcrumb"},"inLanguage":"ca","potentialAction":[{"@type":"ReadAction","target":["https:\/\/mercapalma.net\/ca\/calidad\/"]}]},{"@type":"BreadcrumbList","@id":"https:\/\/mercapalma.net\/ca\/calidad\/#breadcrumb","itemListElement":[{"@type":"ListItem","position":1,"name":"Portada","item":"https:\/\/mercapalma.net\/ca\/"},{"@type":"ListItem","position":2,"name":"Qualitat"}]},{"@type":"WebSite","@id":"https:\/\/mercapalma.net\/#website","url":"https:\/\/mercapalma.net\/","name":"Mercapalma","description":"Mercados centrales de abastecimientos de Mallorca","publisher":{"@id":"https:\/\/mercapalma.net\/#organization"},"potentialAction":[{"@type":"SearchAction","target":{"@type":"EntryPoint","urlTemplate":"https:\/\/mercapalma.net\/?s={search_term_string}"},"query-input":{"@type":"PropertyValueSpecification","valueRequired":true,"valueName":"search_term_string"}}],"inLanguage":"ca"},{"@type":"Organization","@id":"https:\/\/mercapalma.net\/#organization","name":"Mercapalma","url":"https:\/\/mercapalma.net\/","logo":{"@type":"ImageObject","inLanguage":"ca","@id":"https:\/\/mercapalma.net\/#\/schema\/logo\/image\/","url":"https:\/\/mercapalma.net\/wp-content\/uploads\/mercapalma.jpeg","contentUrl":"https:\/\/mercapalma.net\/wp-content\/uploads\/mercapalma.jpeg","width":324,"height":200,"caption":"Mercapalma"},"image":{"@id":"https:\/\/mercapalma.net\/#\/schema\/logo\/image\/"},"sameAs":["https:\/\/www.facebook.com\/mercapalma.sa","https:\/\/www.instagram.com\/mercapalma\/"]}]}},"_links":{"self":[{"href":"https:\/\/mercapalma.net\/ca\/wp-json\/wp\/v2\/pages\/12625","targetHints":{"allow":["GET"]}}],"collection":[{"href":"https:\/\/mercapalma.net\/ca\/wp-json\/wp\/v2\/pages"}],"about":[{"href":"https:\/\/mercapalma.net\/ca\/wp-json\/wp\/v2\/types\/page"}],"author":[{"embeddable":true,"href":"https:\/\/mercapalma.net\/ca\/wp-json\/wp\/v2\/users\/1"}],"replies":[{"embeddable":true,"href":"https:\/\/mercapalma.net\/ca\/wp-json\/wp\/v2\/comments?post=12625"}],"version-history":[{"count":6,"href":"https:\/\/mercapalma.net\/ca\/wp-json\/wp\/v2\/pages\/12625\/revisions"}],"predecessor-version":[{"id":22592,"href":"https:\/\/mercapalma.net\/ca\/wp-json\/wp\/v2\/pages\/12625\/revisions\/22592"}],"wp:attachment":[{"href":"https:\/\/mercapalma.net\/ca\/wp-json\/wp\/v2\/media?parent=12625"}],"curies":[{"name":"wp","href":"https:\/\/api.w.org\/{rel}","templated":true}]}}