{"id":12541,"date":"2021-02-09T20:16:49","date_gmt":"2021-02-09T20:16:49","guid":{"rendered":"https:\/\/mercapalma.net\/?page_id=12541"},"modified":"2025-10-29T13:58:51","modified_gmt":"2025-10-29T12:58:51","slug":"plan-autoproteccion-y-prl","status":"publish","type":"page","link":"https:\/\/mercapalma.net\/ca\/informacion-usuario\/plan-autoproteccion-y-prl\/","title":{"rendered":"Pl\u00e0 d&#8217;autoprotecci\u00f3"},"content":{"rendered":"<div  class='avia-image-container  av-styling-    avia-builder-el-0  el_before_av_hr  avia-builder-el-first  avia-align-center '  itemprop=\"image\" itemscope=\"itemscope\" itemtype=\"https:\/\/schema.org\/ImageObject\"  ><div class='avia-image-container-inner'><div class='avia-image-overlay-wrap'><img decoding=\"async\" class='wp-image-0 avia-img-lazy-loading-not-0 avia_image' src=\"https:\/\/mercapalma.net\/wp-content\/uploads\/AUTOPROTECCION-845x321.png\" alt='' title=''   itemprop=\"thumbnailUrl\"  \/><\/div><\/div><\/div>\n<div   class='hr hr-default   avia-builder-el-1  el_after_av_image  el_before_av_textblock '><span class='hr-inner ' ><span class='hr-inner-style'><\/span><\/span><\/div>\n<section class=\"av_textblock_section \"  itemscope=\"itemscope\" itemtype=\"https:\/\/schema.org\/CreativeWork\" ><div class='avia_textblock  '   itemprop=\"text\" ><p><span style=\"font-size: 18pt;\">Mercapalma posa a disposici\u00f3 d&#8217;operadors, contractistes i aut\u00f2noms informaci\u00f3 rellevant sobre prevenci\u00f3 de riscos laborals en espais comuns i gesti\u00f3 directa, a fi de promoure, millorar i facilitar la seguretat i la salut i la coordinaci\u00f3 de les activitats empresarials dins de la Unida Alimentaria.<\/span><\/p>\n<\/div><\/section>\n<div   class='hr hr-default   avia-builder-el-3  el_after_av_textblock  el_before_av_textblock '><span class='hr-inner ' ><span class='hr-inner-style'><\/span><\/span><\/div>\n<section class=\"av_textblock_section \"  itemscope=\"itemscope\" itemtype=\"https:\/\/schema.org\/CreativeWork\" ><div class='avia_textblock  '   itemprop=\"text\" ><h2>MANUAL D&#8217;AUTOPROTECCI\u00d3<\/h2>\n<\/div><\/section>\n<div  class='avia-icon-list-container   avia-builder-el-5  el_after_av_textblock  el_before_av_textblock '><ul class='avia-icon-list avia-icon-list-left av-iconlist-big avia_animate_when_almost_visible avia-iconlist-animate'>\n<li><a href='https:\/\/mercapalma.net\/wp-content\/uploads\/LIBRO-RESUMEN-DEL-PLAN-DE-AUTOPROTECCION.pdf' title='LLIBRE RESUM DEL PLA AUTOPROTECCI\u00d3' target=\"_blank\" rel=\"noopener noreferrer\" class='iconlist_icon  avia-font-entypo-fontello'><span class='iconlist-char ' aria-hidden='true' data-av_icon='\ue84d' data-av_iconfont='entypo-fontello'><\/span><\/a><article class=\"article-icon-entry av-iconlist-empty\"  itemscope=\"itemscope\" itemtype=\"https:\/\/schema.org\/CreativeWork\" ><div class='iconlist_content_wrap'><header class=\"entry-content-header\"><h4 class='av_iconlist_title iconlist_title   '  itemprop=\"headline\"  ><a href='https:\/\/mercapalma.net\/wp-content\/uploads\/LIBRO-RESUMEN-DEL-PLAN-DE-AUTOPROTECCION.pdf' title='LLIBRE RESUM DEL PLA AUTOPROTECCI\u00d3' target=\"_blank\" rel=\"noopener noreferrer\">LLIBRE RESUM DEL PLA AUTOPROTECCI\u00d3<\/a><\/h4><\/header><div class='iconlist_content  '  itemprop=\"text\"  ><\/div><\/div><footer class=\"entry-footer\"><\/footer><\/article><div class='iconlist-timeline'><\/div><\/li>\n<li><a href='https:\/\/mercapalma.net\/wp-content\/uploads\/MANUAL-AUTOPROTECCION-2018.pdf' title='MANUAL D\u2019AUTOPROTECCI\u00d3' target=\"_blank\" rel=\"noopener noreferrer\" class='iconlist_icon  avia-font-entypo-fontello'><span class='iconlist-char ' aria-hidden='true' data-av_icon='\ue84e' data-av_iconfont='entypo-fontello'><\/span><\/a><article class=\"article-icon-entry av-iconlist-empty\"  itemscope=\"itemscope\" itemtype=\"https:\/\/schema.org\/CreativeWork\" ><div class='iconlist_content_wrap'><header class=\"entry-content-header\"><h4 class='av_iconlist_title iconlist_title   '  itemprop=\"headline\"  ><a href='https:\/\/mercapalma.net\/wp-content\/uploads\/MANUAL-AUTOPROTECCION-2018.pdf' title='MANUAL D\u2019AUTOPROTECCI\u00d3' target=\"_blank\" rel=\"noopener noreferrer\">MANUAL D\u2019AUTOPROTECCI\u00d3<\/a><\/h4><\/header><div class='iconlist_content  '  itemprop=\"text\"  ><\/div><\/div><footer class=\"entry-footer\"><\/footer><\/article><div class='iconlist-timeline'><\/div><\/li>\n<li><a href='https:\/\/mercapalma.net\/wp-content\/uploads\/ACTUACIONES-EN-CASO-DE-EMERGENCIA-PARA-EL-PERSONAL-DE-MERCAPALMA.pdf' title='ACCIONS EN CAS D\u2019EMERG\u00c8NCIA' target=\"_blank\" rel=\"noopener noreferrer\" class='iconlist_icon  avia-font-entypo-fontello'><span class='iconlist-char ' aria-hidden='true' data-av_icon='\ue84e' data-av_iconfont='entypo-fontello'><\/span><\/a><article class=\"article-icon-entry av-iconlist-empty\"  itemscope=\"itemscope\" itemtype=\"https:\/\/schema.org\/CreativeWork\" ><div class='iconlist_content_wrap'><header class=\"entry-content-header\"><h4 class='av_iconlist_title iconlist_title   '  itemprop=\"headline\"  ><a href='https:\/\/mercapalma.net\/wp-content\/uploads\/ACTUACIONES-EN-CASO-DE-EMERGENCIA-PARA-EL-PERSONAL-DE-MERCAPALMA.pdf' title='ACCIONS EN CAS D\u2019EMERG\u00c8NCIA' target=\"_blank\" rel=\"noopener noreferrer\">ACCIONS EN CAS D\u2019EMERG\u00c8NCIA<\/a><\/h4><\/header><div class='iconlist_content  '  itemprop=\"text\"  ><\/div><\/div><footer class=\"entry-footer\"><\/footer><\/article><div class='iconlist-timeline'><\/div><\/li>\n<\/ul><\/div>\n<section class=\"av_textblock_section \"  itemscope=\"itemscope\" itemtype=\"https:\/\/schema.org\/CreativeWork\" ><div class='avia_textblock  '   itemprop=\"text\" ><h2>RISCOS GENERALS I MESURES PREVENTIVES<\/h2>\n<\/div><\/section>\n<div  class='avia-icon-list-container   avia-builder-el-7  el_after_av_textblock  el_before_av_textblock '><ul class='avia-icon-list avia-icon-list-left av-iconlist-big avia_animate_when_almost_visible avia-iconlist-animate'>\n<li><a href='https:\/\/mercapalma.net\/wp-content\/uploads\/DocumentoRiesgosGenerales.pdf' title='Document riscos generals de la U.A.' target=\"_blank\" rel=\"noopener noreferrer\" class='iconlist_icon  avia-font-entypo-fontello'><span class='iconlist-char ' aria-hidden='true' data-av_icon='\ue84d' data-av_iconfont='entypo-fontello'><\/span><\/a><article class=\"article-icon-entry av-iconlist-empty\"  itemscope=\"itemscope\" itemtype=\"https:\/\/schema.org\/CreativeWork\" ><div class='iconlist_content_wrap'><header class=\"entry-content-header\"><h4 class='av_iconlist_title iconlist_title   '  itemprop=\"headline\"  ><a href='https:\/\/mercapalma.net\/wp-content\/uploads\/DocumentoRiesgosGenerales.pdf' title='Document riscos generals de la U.A.' target=\"_blank\" rel=\"noopener noreferrer\">Document riscos generals de la U.A.<\/a><\/h4><\/header><div class='iconlist_content  '  itemprop=\"text\"  ><\/div><\/div><footer class=\"entry-footer\"><\/footer><\/article><div class='iconlist-timeline'><\/div><\/li>\n<li><a href='https:\/\/mercapalma.net\/wp-content\/uploads\/Manual-de-seguridad-especifico.pdf' title='Manual seguretat especifico coberta pab. IV' target=\"_blank\" rel=\"noopener noreferrer\" class='iconlist_icon  avia-font-entypo-fontello'><span class='iconlist-char ' aria-hidden='true' data-av_icon='\ue84e' data-av_iconfont='entypo-fontello'><\/span><\/a><article class=\"article-icon-entry av-iconlist-empty\"  itemscope=\"itemscope\" itemtype=\"https:\/\/schema.org\/CreativeWork\" ><div class='iconlist_content_wrap'><header class=\"entry-content-header\"><h4 class='av_iconlist_title iconlist_title   '  itemprop=\"headline\"  ><a href='https:\/\/mercapalma.net\/wp-content\/uploads\/Manual-de-seguridad-especifico.pdf' title='Manual seguretat especifico coberta pab. IV' target=\"_blank\" rel=\"noopener noreferrer\">Manual seguretat especifico coberta pab. IV<\/a><\/h4><\/header><div class='iconlist_content  '  itemprop=\"text\"  ><\/div><\/div><footer class=\"entry-footer\"><\/footer><\/article><div class='iconlist-timeline'><\/div><\/li>\n<li><a href='https:\/\/mercapalma.net\/wp-content\/uploads\/ManualOperacionesCarga-Descarga.pdf' title='Manual seguretat operacions c\u00e0rrega i desc\u00e0rrega' target=\"_blank\" rel=\"noopener noreferrer\" class='iconlist_icon  avia-font-entypo-fontello'><span class='iconlist-char ' aria-hidden='true' data-av_icon='\ue84e' data-av_iconfont='entypo-fontello'><\/span><\/a><article class=\"article-icon-entry av-iconlist-empty\"  itemscope=\"itemscope\" itemtype=\"https:\/\/schema.org\/CreativeWork\" ><div class='iconlist_content_wrap'><header class=\"entry-content-header\"><h4 class='av_iconlist_title iconlist_title   '  itemprop=\"headline\"  ><a href='https:\/\/mercapalma.net\/wp-content\/uploads\/ManualOperacionesCarga-Descarga.pdf' title='Manual seguretat operacions c\u00e0rrega i desc\u00e0rrega' target=\"_blank\" rel=\"noopener noreferrer\">Manual seguretat operacions c\u00e0rrega i desc\u00e0rrega<\/a><\/h4><\/header><div class='iconlist_content  '  itemprop=\"text\"  ><\/div><\/div><footer class=\"entry-footer\"><\/footer><\/article><div class='iconlist-timeline'><\/div><\/li>\n<li><a href='https:\/\/mercapalma.net\/wp-content\/uploads\/Procedimiento-TRABAJOS-EN-CALIENTE.pdf' title='Procediment de treballs en calent' target=\"_blank\" rel=\"noopener noreferrer\" class='iconlist_icon  avia-font-entypo-fontello'><span class='iconlist-char ' aria-hidden='true' data-av_icon='\ue84e' data-av_iconfont='entypo-fontello'><\/span><\/a><article class=\"article-icon-entry av-iconlist-empty\"  itemscope=\"itemscope\" itemtype=\"https:\/\/schema.org\/CreativeWork\" ><div class='iconlist_content_wrap'><header class=\"entry-content-header\"><h4 class='av_iconlist_title iconlist_title   '  itemprop=\"headline\"  ><a href='https:\/\/mercapalma.net\/wp-content\/uploads\/Procedimiento-TRABAJOS-EN-CALIENTE.pdf' title='Procediment de treballs en calent' target=\"_blank\" rel=\"noopener noreferrer\">Procediment de treballs en calent<\/a><\/h4><\/header><div class='iconlist_content  '  itemprop=\"text\"  ><\/div><\/div><footer class=\"entry-footer\"><\/footer><\/article><div class='iconlist-timeline'><\/div><\/li>\n<\/ul><\/div>\n<section class=\"av_textblock_section \"  itemscope=\"itemscope\" itemtype=\"https:\/\/schema.org\/CreativeWork\" ><div class='avia_textblock  '   itemprop=\"text\" ><h2>DECLARACI\u00d3 RESPONSABLE<\/h2>\n<\/div><\/section>\n<div  class='avia-icon-list-container   avia-builder-el-9  el_after_av_textblock  avia-builder-el-last '><ul class='avia-icon-list avia-icon-list-left av-iconlist-big avia_animate_when_almost_visible avia-iconlist-animate'>\n<li><a href='https:\/\/mercapalma.net\/wp-content\/uploads\/DECLARACION-RESPONSABLE-OPERADORES.pdf' title='Declaraci\u00f3 responsable operador' target=\"_blank\" rel=\"noopener noreferrer\" class='iconlist_icon  avia-font-entypo-fontello'><span class='iconlist-char ' aria-hidden='true' data-av_icon='\ue84d' data-av_iconfont='entypo-fontello'><\/span><\/a><article class=\"article-icon-entry av-iconlist-empty\"  itemscope=\"itemscope\" itemtype=\"https:\/\/schema.org\/CreativeWork\" ><div class='iconlist_content_wrap'><header class=\"entry-content-header\"><h4 class='av_iconlist_title iconlist_title   '  itemprop=\"headline\"  ><a href='https:\/\/mercapalma.net\/wp-content\/uploads\/DECLARACION-RESPONSABLE-OPERADORES.pdf' title='Declaraci\u00f3 responsable operador' target=\"_blank\" rel=\"noopener noreferrer\">Declaraci\u00f3 responsable operador<\/a><\/h4><\/header><div class='iconlist_content  '  itemprop=\"text\"  ><\/div><\/div><footer class=\"entry-footer\"><\/footer><\/article><div class='iconlist-timeline'><\/div><\/li>\n<li><a href='https:\/\/mercapalma.net\/wp-content\/uploads\/DECLARACION-RESPONSABLE-CONTRATISTAS.pdf' title='Declaraci\u00f3 responsable contractista' target=\"_blank\" rel=\"noopener noreferrer\" class='iconlist_icon  avia-font-entypo-fontello'><span class='iconlist-char ' aria-hidden='true' data-av_icon='\ue84e' data-av_iconfont='entypo-fontello'><\/span><\/a><article class=\"article-icon-entry av-iconlist-empty\"  itemscope=\"itemscope\" itemtype=\"https:\/\/schema.org\/CreativeWork\" ><div class='iconlist_content_wrap'><header class=\"entry-content-header\"><h4 class='av_iconlist_title iconlist_title   '  itemprop=\"headline\"  ><a href='https:\/\/mercapalma.net\/wp-content\/uploads\/DECLARACION-RESPONSABLE-CONTRATISTAS.pdf' title='Declaraci\u00f3 responsable contractista' target=\"_blank\" rel=\"noopener noreferrer\">Declaraci\u00f3 responsable contractista<\/a><\/h4><\/header><div class='iconlist_content  '  itemprop=\"text\"  ><\/div><\/div><footer class=\"entry-footer\"><\/footer><\/article><div class='iconlist-timeline'><\/div><\/li>\n<li><a href='https:\/\/mercapalma.net\/wp-content\/uploads\/DECLARACION-RESPONSABLE-AUTONOMOS.pdf' title='Declaraci\u00f3 responsable aut\u00f2nom' target=\"_blank\" rel=\"noopener noreferrer\" class='iconlist_icon  avia-font-entypo-fontello'><span class='iconlist-char ' aria-hidden='true' data-av_icon='\ue84e' data-av_iconfont='entypo-fontello'><\/span><\/a><article class=\"article-icon-entry av-iconlist-empty\"  itemscope=\"itemscope\" itemtype=\"https:\/\/schema.org\/CreativeWork\" ><div class='iconlist_content_wrap'><header class=\"entry-content-header\"><h4 class='av_iconlist_title iconlist_title   '  itemprop=\"headline\"  ><a href='https:\/\/mercapalma.net\/wp-content\/uploads\/DECLARACION-RESPONSABLE-AUTONOMOS.pdf' title='Declaraci\u00f3 responsable aut\u00f2nom' target=\"_blank\" rel=\"noopener noreferrer\">Declaraci\u00f3 responsable aut\u00f2nom<\/a><\/h4><\/header><div class='iconlist_content  '  itemprop=\"text\"  ><\/div><\/div><footer class=\"entry-footer\"><\/footer><\/article><div class='iconlist-timeline'><\/div><\/li>\n<\/ul><\/div>\n","protected":false},"excerpt":{"rendered":"<p>&#8230;<\/p>\n","protected":false},"author":1,"featured_media":0,"parent":12546,"menu_order":0,"comment_status":"closed","ping_status":"closed","template":"","meta":{"footnotes":""},"class_list":["post-12541","page","type-page","status-publish","hentry"],"yoast_head":"<!-- This site is optimized with the Yoast SEO plugin v27.0 - https:\/\/yoast.com\/product\/yoast-seo-wordpress\/ -->\n<title>Pl\u00e0 d&#039;autoprotecci\u00f3 - Mercapalma<\/title>\n<meta name=\"robots\" content=\"index, follow, max-snippet:-1, max-image-preview:large, max-video-preview:-1\" \/>\n<link rel=\"canonical\" href=\"https:\/\/mercapalma.net\/ca\/informacion-usuario\/plan-autoproteccion-y-prl\/\" \/>\n<meta property=\"og:locale\" content=\"ca_ES\" \/>\n<meta property=\"og:type\" content=\"article\" \/>\n<meta property=\"og:title\" content=\"Pl\u00e0 d&#039;autoprotecci\u00f3 - Mercapalma\" \/>\n<meta property=\"og:description\" content=\"...\" \/>\n<meta property=\"og:url\" content=\"https:\/\/mercapalma.net\/ca\/informacion-usuario\/plan-autoproteccion-y-prl\/\" \/>\n<meta property=\"og:site_name\" content=\"Mercapalma\" \/>\n<meta property=\"article:publisher\" content=\"https:\/\/www.facebook.com\/mercapalma.sa\" \/>\n<meta property=\"article:modified_time\" content=\"2025-10-29T12:58:51+00:00\" \/>\n<meta property=\"og:image\" content=\"https:\/\/mercapalma.net\/wp-content\/uploads\/Logo-Mercapalma_300-01.png\" \/>\n\t<meta property=\"og:image:width\" content=\"2775\" \/>\n\t<meta property=\"og:image:height\" content=\"442\" \/>\n\t<meta property=\"og:image:type\" content=\"image\/png\" \/>\n<meta name=\"twitter:card\" content=\"summary_large_image\" \/>\n<meta name=\"twitter:label1\" content=\"Temps estimat de lectura\" \/>\n\t<meta name=\"twitter:data1\" content=\"2 minuts\" \/>\n<script type=\"application\/ld+json\" class=\"yoast-schema-graph\">{\"@context\":\"https:\/\/schema.org\",\"@graph\":[{\"@type\":\"WebPage\",\"@id\":\"https:\/\/mercapalma.net\/ca\/informacion-usuario\/plan-autoproteccion-y-prl\/\",\"url\":\"https:\/\/mercapalma.net\/ca\/informacion-usuario\/plan-autoproteccion-y-prl\/\",\"name\":\"Pl\u00e0 d'autoprotecci\u00f3 - Mercapalma\",\"isPartOf\":{\"@id\":\"https:\/\/mercapalma.net\/#website\"},\"datePublished\":\"2021-02-09T20:16:49+00:00\",\"dateModified\":\"2025-10-29T12:58:51+00:00\",\"breadcrumb\":{\"@id\":\"https:\/\/mercapalma.net\/ca\/informacion-usuario\/plan-autoproteccion-y-prl\/#breadcrumb\"},\"inLanguage\":\"ca\",\"potentialAction\":[{\"@type\":\"ReadAction\",\"target\":[\"https:\/\/mercapalma.net\/ca\/informacion-usuario\/plan-autoproteccion-y-prl\/\"]}]},{\"@type\":\"BreadcrumbList\",\"@id\":\"https:\/\/mercapalma.net\/ca\/informacion-usuario\/plan-autoproteccion-y-prl\/#breadcrumb\",\"itemListElement\":[{\"@type\":\"ListItem\",\"position\":1,\"name\":\"Portada\",\"item\":\"https:\/\/mercapalma.net\/ca\/\"},{\"@type\":\"ListItem\",\"position\":2,\"name\":\"Informaci\u00f3 usuari\",\"item\":\"https:\/\/mercapalma.net\/sidebar\/informacion-usuario\/\"},{\"@type\":\"ListItem\",\"position\":3,\"name\":\"Pl\u00e0 d&#8217;autoprotecci\u00f3\"}]},{\"@type\":\"WebSite\",\"@id\":\"https:\/\/mercapalma.net\/#website\",\"url\":\"https:\/\/mercapalma.net\/\",\"name\":\"Mercapalma\",\"description\":\"Mercados centrales de abastecimientos de Mallorca\",\"publisher\":{\"@id\":\"https:\/\/mercapalma.net\/#organization\"},\"potentialAction\":[{\"@type\":\"SearchAction\",\"target\":{\"@type\":\"EntryPoint\",\"urlTemplate\":\"https:\/\/mercapalma.net\/?s={search_term_string}\"},\"query-input\":{\"@type\":\"PropertyValueSpecification\",\"valueRequired\":true,\"valueName\":\"search_term_string\"}}],\"inLanguage\":\"ca\"},{\"@type\":\"Organization\",\"@id\":\"https:\/\/mercapalma.net\/#organization\",\"name\":\"Mercapalma\",\"url\":\"https:\/\/mercapalma.net\/\",\"logo\":{\"@type\":\"ImageObject\",\"inLanguage\":\"ca\",\"@id\":\"https:\/\/mercapalma.net\/#\/schema\/logo\/image\/\",\"url\":\"https:\/\/mercapalma.net\/wp-content\/uploads\/mercapalma.jpeg\",\"contentUrl\":\"https:\/\/mercapalma.net\/wp-content\/uploads\/mercapalma.jpeg\",\"width\":324,\"height\":200,\"caption\":\"Mercapalma\"},\"image\":{\"@id\":\"https:\/\/mercapalma.net\/#\/schema\/logo\/image\/\"},\"sameAs\":[\"https:\/\/www.facebook.com\/mercapalma.sa\",\"https:\/\/www.instagram.com\/mercapalma\/\"]}]}<\/script>\n<!-- \/ Yoast SEO plugin. -->","yoast_head_json":{"title":"Pl\u00e0 d'autoprotecci\u00f3 - Mercapalma","robots":{"index":"index","follow":"follow","max-snippet":"max-snippet:-1","max-image-preview":"max-image-preview:large","max-video-preview":"max-video-preview:-1"},"canonical":"https:\/\/mercapalma.net\/ca\/informacion-usuario\/plan-autoproteccion-y-prl\/","og_locale":"ca_ES","og_type":"article","og_title":"Pl\u00e0 d'autoprotecci\u00f3 - Mercapalma","og_description":"...","og_url":"https:\/\/mercapalma.net\/ca\/informacion-usuario\/plan-autoproteccion-y-prl\/","og_site_name":"Mercapalma","article_publisher":"https:\/\/www.facebook.com\/mercapalma.sa","article_modified_time":"2025-10-29T12:58:51+00:00","og_image":[{"width":2775,"height":442,"url":"https:\/\/mercapalma.net\/wp-content\/uploads\/Logo-Mercapalma_300-01.png","type":"image\/png"}],"twitter_card":"summary_large_image","twitter_misc":{"Temps estimat de lectura":"2 minuts"},"schema":{"@context":"https:\/\/schema.org","@graph":[{"@type":"WebPage","@id":"https:\/\/mercapalma.net\/ca\/informacion-usuario\/plan-autoproteccion-y-prl\/","url":"https:\/\/mercapalma.net\/ca\/informacion-usuario\/plan-autoproteccion-y-prl\/","name":"Pl\u00e0 d'autoprotecci\u00f3 - Mercapalma","isPartOf":{"@id":"https:\/\/mercapalma.net\/#website"},"datePublished":"2021-02-09T20:16:49+00:00","dateModified":"2025-10-29T12:58:51+00:00","breadcrumb":{"@id":"https:\/\/mercapalma.net\/ca\/informacion-usuario\/plan-autoproteccion-y-prl\/#breadcrumb"},"inLanguage":"ca","potentialAction":[{"@type":"ReadAction","target":["https:\/\/mercapalma.net\/ca\/informacion-usuario\/plan-autoproteccion-y-prl\/"]}]},{"@type":"BreadcrumbList","@id":"https:\/\/mercapalma.net\/ca\/informacion-usuario\/plan-autoproteccion-y-prl\/#breadcrumb","itemListElement":[{"@type":"ListItem","position":1,"name":"Portada","item":"https:\/\/mercapalma.net\/ca\/"},{"@type":"ListItem","position":2,"name":"Informaci\u00f3 usuari","item":"https:\/\/mercapalma.net\/sidebar\/informacion-usuario\/"},{"@type":"ListItem","position":3,"name":"Pl\u00e0 d&#8217;autoprotecci\u00f3"}]},{"@type":"WebSite","@id":"https:\/\/mercapalma.net\/#website","url":"https:\/\/mercapalma.net\/","name":"Mercapalma","description":"Mercados centrales de abastecimientos de Mallorca","publisher":{"@id":"https:\/\/mercapalma.net\/#organization"},"potentialAction":[{"@type":"SearchAction","target":{"@type":"EntryPoint","urlTemplate":"https:\/\/mercapalma.net\/?s={search_term_string}"},"query-input":{"@type":"PropertyValueSpecification","valueRequired":true,"valueName":"search_term_string"}}],"inLanguage":"ca"},{"@type":"Organization","@id":"https:\/\/mercapalma.net\/#organization","name":"Mercapalma","url":"https:\/\/mercapalma.net\/","logo":{"@type":"ImageObject","inLanguage":"ca","@id":"https:\/\/mercapalma.net\/#\/schema\/logo\/image\/","url":"https:\/\/mercapalma.net\/wp-content\/uploads\/mercapalma.jpeg","contentUrl":"https:\/\/mercapalma.net\/wp-content\/uploads\/mercapalma.jpeg","width":324,"height":200,"caption":"Mercapalma"},"image":{"@id":"https:\/\/mercapalma.net\/#\/schema\/logo\/image\/"},"sameAs":["https:\/\/www.facebook.com\/mercapalma.sa","https:\/\/www.instagram.com\/mercapalma\/"]}]}},"_links":{"self":[{"href":"https:\/\/mercapalma.net\/ca\/wp-json\/wp\/v2\/pages\/12541","targetHints":{"allow":["GET"]}}],"collection":[{"href":"https:\/\/mercapalma.net\/ca\/wp-json\/wp\/v2\/pages"}],"about":[{"href":"https:\/\/mercapalma.net\/ca\/wp-json\/wp\/v2\/types\/page"}],"author":[{"embeddable":true,"href":"https:\/\/mercapalma.net\/ca\/wp-json\/wp\/v2\/users\/1"}],"replies":[{"embeddable":true,"href":"https:\/\/mercapalma.net\/ca\/wp-json\/wp\/v2\/comments?post=12541"}],"version-history":[{"count":5,"href":"https:\/\/mercapalma.net\/ca\/wp-json\/wp\/v2\/pages\/12541\/revisions"}],"predecessor-version":[{"id":22473,"href":"https:\/\/mercapalma.net\/ca\/wp-json\/wp\/v2\/pages\/12541\/revisions\/22473"}],"up":[{"embeddable":true,"href":"https:\/\/mercapalma.net\/ca\/wp-json\/wp\/v2\/pages\/12546"}],"wp:attachment":[{"href":"https:\/\/mercapalma.net\/ca\/wp-json\/wp\/v2\/media?parent=12541"}],"curies":[{"name":"wp","href":"https:\/\/api.w.org\/{rel}","templated":true}]}}