{"id":12462,"date":"2021-02-09T19:48:11","date_gmt":"2021-02-09T19:48:11","guid":{"rendered":"https:\/\/mercapalma.net\/?page_id=12462"},"modified":"2021-02-11T08:08:19","modified_gmt":"2021-02-11T08:08:19","slug":"proyectos-sociales","status":"publish","type":"page","link":"https:\/\/mercapalma.net\/ca\/proyectos-sociales\/","title":{"rendered":"Projectes socials"},"content":{"rendered":"<section class=\"av_textblock_section \"  itemscope=\"itemscope\" itemtype=\"https:\/\/schema.org\/CreativeWork\" ><div class='avia_textblock  '   itemprop=\"text\" ><h2>PROJECTES SOCIALS<\/h2>\n<\/div><\/section>\n<div  class='avia-image-container avia_animated_image avia_animate_when_almost_visible top-to-bottom av-styling- av-hover-grow   avia-builder-el-1  el_after_av_textblock  el_before_av_hr  avia-align-center '  itemprop=\"image\" itemscope=\"itemscope\" itemtype=\"https:\/\/schema.org\/ImageObject\"  ><div class='avia-image-container-inner'><div class='avia-image-overlay-wrap'><img decoding=\"async\" class='wp-image-15487 avia-img-lazy-loading-not-15487 avia_image' src=\"https:\/\/mercapalma.net\/wp-content\/uploads\/network-92904_1920a-1030x372.jpg\" alt='' title='network-92904_1920a' height=\"372\" width=\"1030\"  itemprop=\"thumbnailUrl\" srcset=\"https:\/\/mercapalma.net\/wp-content\/uploads\/network-92904_1920a-1030x372.jpg 1030w, https:\/\/mercapalma.net\/wp-content\/uploads\/network-92904_1920a-300x108.jpg 300w, https:\/\/mercapalma.net\/wp-content\/uploads\/network-92904_1920a-768x277.jpg 768w, https:\/\/mercapalma.net\/wp-content\/uploads\/network-92904_1920a-1536x554.jpg 1536w, https:\/\/mercapalma.net\/wp-content\/uploads\/network-92904_1920a-1500x541.jpg 1500w, https:\/\/mercapalma.net\/wp-content\/uploads\/network-92904_1920a-705x254.jpg 705w, https:\/\/mercapalma.net\/wp-content\/uploads\/network-92904_1920a.jpg 1920w\" sizes=\"(max-width: 1030px) 100vw, 1030px\" \/><\/div><\/div><\/div>\n<div   class='hr hr-default   avia-builder-el-2  el_after_av_image  el_before_av_textblock '><span class='hr-inner ' ><span class='hr-inner-style'><\/span><\/span><\/div>\n<section class=\"av_textblock_section \"  itemscope=\"itemscope\" itemtype=\"https:\/\/schema.org\/CreativeWork\" ><div class='avia_textblock  '   itemprop=\"text\" ><ul>\n<li>\n<h3><strong>L&#8217;Escola al Mercat<\/strong><\/h3>\n<\/li>\n<\/ul>\n<p>L&#8217;Escola al Mercat \u00e9s una activitat que forma part d&#8217;un conveni de col\u00b7laboraci\u00f3 entre diversos organismes i institucions de les Illes Balears: Ajuntament de Palma, Govern de les Illes Balears (a trav\u00e9s de diverses Conselleries), l&#8217;Associaci\u00f3 de Majoristes de <span class=\"hiddenSpellError\">Mercapalma<\/span>, la Federaci\u00f3 de Mercats permanents i <span class=\"hiddenSpellError\">Mercapalma<\/span>. Donada la transversalitat de les actuacions de les diverses institucions que hi col\u00b7laboren, relacionades amb l&#8217;alimentaci\u00f3 i la nutrici\u00f3, es varen sumar esfor\u00e7os amb la finalitat d&#8217;afrontar els mals h\u00e0bits de consum. Els objectius b\u00e0sics d&#8217;aquest projecte s\u00f3n:<br \/>\n\u2022 Millorar els h\u00e0bits alimentaris dels m\u00e9s joves i en particular promoure el consum de fruites i hortalisses a m\u00e9s de l&#8217;activitat f\u00edsica.<br \/>\n\u2022 Promoure els h\u00e0bits de consum responsable (producte local i de temporada) com a pr\u00e0ctica de consum sostenible.<br \/>\n\u2022 Dinamitzar els mercats municipals i augmentar la competitivitat de tota la cadena comercial.<br \/>\nAquesta activitat es dirigeix a alumnes de segon i tercer cicle d&#8217;educaci\u00f3 prim\u00e0ria i se cerca que els nins coneguin el mercat de refer\u00e8ncia del seu barri com a punt emblem\u00e0tic i de trobada a la ciutat. L&#8217;activitat es du a terme en els mercats municipals permanents i consisteix en una visita del mercat amb un recorregut per les diferents seccions. A diferents moments s&#8217;incideix sobre els productes de temporada en les diferents \u00e8poques de l&#8217;any. Tamb\u00e9 col\u00b7labora en l&#8217;activitat l&#8217;Institut Municipal d&#8217;Esports a trav\u00e9s d&#8217;una activitat l\u00fadica i esportiva que es realitza a l&#8217;exterior del mercat amb l&#8217;objectiu de donar a con\u00e8ixer diferents esports als infants i fomentar l&#8217;activitat f\u00edsica. Durant l&#8217;activitat s&#8217;ofereix un berenar saludable juntament amb material divulgatiu per treballar l&#8217;alimentaci\u00f3.<\/p>\n<hr \/>\n<ul>\n<li>\n<h3><strong>Fundaci\u00f3 Banc d&#8217;Aliments de Mallorca i Fundaci\u00f3 Barcel\u00f3<\/strong><\/h3>\n<\/li>\n<\/ul>\n<p>Col\u00b7laboram amb ambdues institucions facilitant espai dins les nostres instal\u00b7lacions perqu\u00e8 puguin realitzar la seva activitat. Tamb\u00e9 permetem l&#8217;entrada de forma gratu\u00efta a les associacions ben\u00e8fiques que v\u00e9nen a abastir-se. Per altra banda <span class=\"hiddenSpellError\">Mercapalma<\/span> promou la recuperaci\u00f3 d&#8217;excedents alimentaris dins el nostre pol\u00edgon i la redistribuci\u00f3 entre les persones necessitades essent l&#8217;objectiu evitar qualsevol malbaratament alimentari. Tamb\u00e9 \u00e9s la nostra ambici\u00f3 despertar l&#8217;esperit solidari i difondre valors humans i culturals necessaris per mitigar el contrast entre excedents i necessitats. Tot aix\u00f2 a trav\u00e9s d&#8217;institucions caritatives oficialment reconegudes que tenen contacte m\u00e9s proper amb els col\u00b7lectius necessitats<\/p>\n<hr \/>\n<ul>\n<li>\n<h3><strong>Col\u00b7laboraci\u00f3 amb &#8220;<em>Desdejuni saludable&#8221;<\/em><\/strong><\/h3>\n<\/li>\n<\/ul>\n<p><span class=\"hiddenSpellError\">Mercapalma<\/span> col\u00b7labora amb l&#8217;Ajuntament de Palma en la promoci\u00f3 de l&#8217;alimentaci\u00f3 saludable a les escoles, on s&#8217;organitzen tallers per conscienciar la poblaci\u00f3 infantil sobre la import\u00e0ncia dels bons h\u00e0bits de consum.<\/p>\n<hr \/>\n<ul>\n<li>\n<h3><strong>El Rebost de Mallorca<\/strong><\/h3>\n<\/li>\n<\/ul>\n<p>Aquesta activitat t\u00e9 com a missi\u00f3 donar a con\u00e8ixer els canals d&#8217;abastiment d&#8217;alimentaci\u00f3 i el funcionament de <span class=\"hiddenSpellError\">Mercapalma<\/span> a la societat en general. Amb aquest objectiu s&#8217;organitzen una s\u00e8rie de visites al llarg de l&#8217;any on es projecta un v\u00eddeo i es fa una visita guiada de les nostres instal\u00b7lacions.<\/p>\n<hr \/>\n<ul>\n<li>\n<h3><strong>Col\u00b7laboraci\u00f3 amb l&#8217;IME (<em>Institut Municipal de l&#8217;Esport<\/em>) de Palma<\/strong><\/h3>\n<\/li>\n<\/ul>\n<p>Participaci\u00f3 de Mercapalma en esdeveniments esportius aportant fruita amb la finalitat de promocionar l&#8217;alimentaci\u00f3 saludable i la pr\u00e0ctica de l&#8217;activitat f\u00edsica.<\/p>\n<hr \/>\n<ul>\n<li>\n<h3><strong>Conveni Projecte Home<\/strong><\/h3>\n<\/li>\n<\/ul>\n<p><span class=\"hiddenSpellError\">Mercapalma<\/span> t\u00e9 un conveni signat amb Fundaci\u00f3 Projecte Home l&#8217;objectiu del qual \u00e9s fomentar les accions que impulsin la integraci\u00f3 de col\u00b7lectius amb especials dificultats d&#8217;inserci\u00f3 en el m\u00f3n laboral que s\u00f3n atesos des d&#8217;aquesta entitat.<\/p>\n<hr \/>\n<ul>\n<li>\n<h3><strong>Creu Roja de Balears (durant la pandemia)<\/strong><\/h3>\n<\/li>\n<\/ul>\n<p>Durant tot l&#8217;estat d&#8217;alarma, Mercapalma ha cedit de forma gratu\u00efta un local de 190 m2 a Creu Roja de les Balears, per al repartiment a domicili d&#8217;aliments i productes d&#8217;higiene a les persones m\u00e9s vulnerables pels efectes de la pand\u00e8mia pel Covid.<br \/>\nD&#8217;aquesta manera s&#8217;ha pogut atendre les necessitats b\u00e0siques de les fam\u00edlies afectades per la crisi econ\u00f2mica i social conseq\u00fc\u00e8ncia de la pand\u00e8mia.<\/p>\n<\/div><\/section>\n<div   class='hr hr-default   avia-builder-el-4  el_after_av_textblock  avia-builder-el-last '><span class='hr-inner ' ><span class='hr-inner-style'><\/span><\/span><\/div>\n","protected":false},"excerpt":{"rendered":"<p>&#8230;<\/p>\n","protected":false},"author":1,"featured_media":0,"parent":0,"menu_order":0,"comment_status":"closed","ping_status":"closed","template":"","meta":{"footnotes":""},"class_list":["post-12462","page","type-page","status-publish","hentry"],"yoast_head":"<!-- This site is optimized with the Yoast SEO plugin v27.0 - https:\/\/yoast.com\/product\/yoast-seo-wordpress\/ -->\n<title>Projectes socials - Mercapalma<\/title>\n<meta name=\"robots\" content=\"index, follow, max-snippet:-1, max-image-preview:large, max-video-preview:-1\" \/>\n<link rel=\"canonical\" href=\"https:\/\/mercapalma.net\/proyectos-sociales\/\" \/>\n<meta property=\"og:locale\" content=\"ca_ES\" \/>\n<meta property=\"og:type\" content=\"article\" \/>\n<meta property=\"og:title\" content=\"Projectes socials - Mercapalma\" \/>\n<meta property=\"og:description\" content=\"...\" \/>\n<meta property=\"og:url\" content=\"https:\/\/mercapalma.net\/proyectos-sociales\/\" \/>\n<meta property=\"og:site_name\" content=\"Mercapalma\" \/>\n<meta property=\"article:publisher\" content=\"https:\/\/www.facebook.com\/mercapalma.sa\" \/>\n<meta property=\"article:modified_time\" content=\"2021-02-11T08:08:19+00:00\" \/>\n<meta property=\"og:image\" content=\"https:\/\/mercapalma.net\/wp-content\/uploads\/Logo-Mercapalma_300-01.png\" \/>\n\t<meta property=\"og:image:width\" content=\"2775\" \/>\n\t<meta property=\"og:image:height\" content=\"442\" \/>\n\t<meta property=\"og:image:type\" content=\"image\/png\" \/>\n<meta name=\"twitter:card\" content=\"summary_large_image\" \/>\n<meta name=\"twitter:label1\" content=\"Temps estimat de lectura\" \/>\n\t<meta name=\"twitter:data1\" content=\"4 minuts\" \/>\n<script type=\"application\/ld+json\" class=\"yoast-schema-graph\">{\"@context\":\"https:\/\/schema.org\",\"@graph\":[{\"@type\":\"WebPage\",\"@id\":\"https:\/\/mercapalma.net\/proyectos-sociales\/\",\"url\":\"https:\/\/mercapalma.net\/proyectos-sociales\/\",\"name\":\"Projectes socials - Mercapalma\",\"isPartOf\":{\"@id\":\"https:\/\/mercapalma.net\/#website\"},\"datePublished\":\"2021-02-09T19:48:11+00:00\",\"dateModified\":\"2021-02-11T08:08:19+00:00\",\"breadcrumb\":{\"@id\":\"https:\/\/mercapalma.net\/proyectos-sociales\/#breadcrumb\"},\"inLanguage\":\"ca\",\"potentialAction\":[{\"@type\":\"ReadAction\",\"target\":[\"https:\/\/mercapalma.net\/proyectos-sociales\/\"]}]},{\"@type\":\"BreadcrumbList\",\"@id\":\"https:\/\/mercapalma.net\/proyectos-sociales\/#breadcrumb\",\"itemListElement\":[{\"@type\":\"ListItem\",\"position\":1,\"name\":\"Portada\",\"item\":\"https:\/\/mercapalma.net\/ca\/\"},{\"@type\":\"ListItem\",\"position\":2,\"name\":\"Projectes socials\"}]},{\"@type\":\"WebSite\",\"@id\":\"https:\/\/mercapalma.net\/#website\",\"url\":\"https:\/\/mercapalma.net\/\",\"name\":\"Mercapalma\",\"description\":\"Mercados centrales de abastecimientos de Mallorca\",\"publisher\":{\"@id\":\"https:\/\/mercapalma.net\/#organization\"},\"potentialAction\":[{\"@type\":\"SearchAction\",\"target\":{\"@type\":\"EntryPoint\",\"urlTemplate\":\"https:\/\/mercapalma.net\/?s={search_term_string}\"},\"query-input\":{\"@type\":\"PropertyValueSpecification\",\"valueRequired\":true,\"valueName\":\"search_term_string\"}}],\"inLanguage\":\"ca\"},{\"@type\":\"Organization\",\"@id\":\"https:\/\/mercapalma.net\/#organization\",\"name\":\"Mercapalma\",\"url\":\"https:\/\/mercapalma.net\/\",\"logo\":{\"@type\":\"ImageObject\",\"inLanguage\":\"ca\",\"@id\":\"https:\/\/mercapalma.net\/#\/schema\/logo\/image\/\",\"url\":\"https:\/\/mercapalma.net\/wp-content\/uploads\/mercapalma.jpeg\",\"contentUrl\":\"https:\/\/mercapalma.net\/wp-content\/uploads\/mercapalma.jpeg\",\"width\":324,\"height\":200,\"caption\":\"Mercapalma\"},\"image\":{\"@id\":\"https:\/\/mercapalma.net\/#\/schema\/logo\/image\/\"},\"sameAs\":[\"https:\/\/www.facebook.com\/mercapalma.sa\",\"https:\/\/www.instagram.com\/mercapalma\/\"]}]}<\/script>\n<!-- \/ Yoast SEO plugin. -->","yoast_head_json":{"title":"Projectes socials - Mercapalma","robots":{"index":"index","follow":"follow","max-snippet":"max-snippet:-1","max-image-preview":"max-image-preview:large","max-video-preview":"max-video-preview:-1"},"canonical":"https:\/\/mercapalma.net\/proyectos-sociales\/","og_locale":"ca_ES","og_type":"article","og_title":"Projectes socials - Mercapalma","og_description":"...","og_url":"https:\/\/mercapalma.net\/proyectos-sociales\/","og_site_name":"Mercapalma","article_publisher":"https:\/\/www.facebook.com\/mercapalma.sa","article_modified_time":"2021-02-11T08:08:19+00:00","og_image":[{"width":2775,"height":442,"url":"https:\/\/mercapalma.net\/wp-content\/uploads\/Logo-Mercapalma_300-01.png","type":"image\/png"}],"twitter_card":"summary_large_image","twitter_misc":{"Temps estimat de lectura":"4 minuts"},"schema":{"@context":"https:\/\/schema.org","@graph":[{"@type":"WebPage","@id":"https:\/\/mercapalma.net\/proyectos-sociales\/","url":"https:\/\/mercapalma.net\/proyectos-sociales\/","name":"Projectes socials - Mercapalma","isPartOf":{"@id":"https:\/\/mercapalma.net\/#website"},"datePublished":"2021-02-09T19:48:11+00:00","dateModified":"2021-02-11T08:08:19+00:00","breadcrumb":{"@id":"https:\/\/mercapalma.net\/proyectos-sociales\/#breadcrumb"},"inLanguage":"ca","potentialAction":[{"@type":"ReadAction","target":["https:\/\/mercapalma.net\/proyectos-sociales\/"]}]},{"@type":"BreadcrumbList","@id":"https:\/\/mercapalma.net\/proyectos-sociales\/#breadcrumb","itemListElement":[{"@type":"ListItem","position":1,"name":"Portada","item":"https:\/\/mercapalma.net\/ca\/"},{"@type":"ListItem","position":2,"name":"Projectes socials"}]},{"@type":"WebSite","@id":"https:\/\/mercapalma.net\/#website","url":"https:\/\/mercapalma.net\/","name":"Mercapalma","description":"Mercados centrales de abastecimientos de Mallorca","publisher":{"@id":"https:\/\/mercapalma.net\/#organization"},"potentialAction":[{"@type":"SearchAction","target":{"@type":"EntryPoint","urlTemplate":"https:\/\/mercapalma.net\/?s={search_term_string}"},"query-input":{"@type":"PropertyValueSpecification","valueRequired":true,"valueName":"search_term_string"}}],"inLanguage":"ca"},{"@type":"Organization","@id":"https:\/\/mercapalma.net\/#organization","name":"Mercapalma","url":"https:\/\/mercapalma.net\/","logo":{"@type":"ImageObject","inLanguage":"ca","@id":"https:\/\/mercapalma.net\/#\/schema\/logo\/image\/","url":"https:\/\/mercapalma.net\/wp-content\/uploads\/mercapalma.jpeg","contentUrl":"https:\/\/mercapalma.net\/wp-content\/uploads\/mercapalma.jpeg","width":324,"height":200,"caption":"Mercapalma"},"image":{"@id":"https:\/\/mercapalma.net\/#\/schema\/logo\/image\/"},"sameAs":["https:\/\/www.facebook.com\/mercapalma.sa","https:\/\/www.instagram.com\/mercapalma\/"]}]}},"_links":{"self":[{"href":"https:\/\/mercapalma.net\/ca\/wp-json\/wp\/v2\/pages\/12462","targetHints":{"allow":["GET"]}}],"collection":[{"href":"https:\/\/mercapalma.net\/ca\/wp-json\/wp\/v2\/pages"}],"about":[{"href":"https:\/\/mercapalma.net\/ca\/wp-json\/wp\/v2\/types\/page"}],"author":[{"embeddable":true,"href":"https:\/\/mercapalma.net\/ca\/wp-json\/wp\/v2\/users\/1"}],"replies":[{"embeddable":true,"href":"https:\/\/mercapalma.net\/ca\/wp-json\/wp\/v2\/comments?post=12462"}],"version-history":[{"count":0,"href":"https:\/\/mercapalma.net\/ca\/wp-json\/wp\/v2\/pages\/12462\/revisions"}],"wp:attachment":[{"href":"https:\/\/mercapalma.net\/ca\/wp-json\/wp\/v2\/media?parent=12462"}],"curies":[{"name":"wp","href":"https:\/\/api.w.org\/{rel}","templated":true}]}}