{"id":12342,"date":"2021-02-09T19:11:20","date_gmt":"2021-02-09T19:11:20","guid":{"rendered":"https:\/\/mercapalma.net\/?page_id=12342"},"modified":"2023-08-31T13:48:16","modified_gmt":"2023-08-31T11:48:16","slug":"mercado","status":"publish","type":"page","link":"https:\/\/mercapalma.net\/ca\/mercado\/","title":{"rendered":"Mercat"},"content":{"rendered":"<section class=\"av_textblock_section \"  itemscope=\"itemscope\" itemtype=\"https:\/\/schema.org\/CreativeWork\" ><div class='avia_textblock  '   itemprop=\"text\" ><h2>QU\u00c8 \u00c9S MERCAPALMA?<\/h2>\n<ol>\n<li>\u00c9s el centre log\u00edstic m\u00e9s gran de distribuci\u00f3 majorista i de comercialitzaci\u00f3 de producte fresc de les Illes Balears. A les instal\u00b7lacions es concentra la major oferta d&#8217;empreses, activitats i productes relacionats amb el sector de l&#8217;alimentaci\u00f3 de les illes.<\/li>\n<li>Som una aut\u00e8ntica Central de Compres per al sector minorista (botiga tradicional i\/o especialitzada, supermercats, grans superf\u00edcies, mercats municipals i sobretot del sector HORECA).<\/li>\n<li>Estem constitu\u00efts com a societat mercantil d&#8217;\u00e0mbit local i titularitat p\u00fablica. Participada per l&#8217;Ajuntament de Palma (54,79%) i per l&#8217;Empresa Nacional MERCASA (45,21%). MERCASA \u00e9s una empresa p\u00fablica dependent de la SEPI (51%) i del Ministeri d&#8217;Agricultura i Pesca, Alimentaci\u00f3 i Medi Ambient (49%).<\/li>\n<li>Se&#8217;ns ha declarat pel Ministeri d&#8217;Interior (des del febrer del 2018) com a Operador Cr\u00edtic del sector de l&#8217;alimentaci\u00f3 gestor d&#8217;una Infraestructura Cr\u00edtica i que presta un servei essencial com \u00e9s l&#8217;abastament d&#8217;aliments frescos a la ciutadania.<\/li>\n<li>Objecte social:\n<ul style=\"list-style-type: disc;\">\n<li>Promoci\u00f3, construcci\u00f3 i explotaci\u00f3 dels Mercats Centrals Majoristes aix\u00ed com dels serveis complementaris a m\u00e9s de la promoci\u00f3 i implantaci\u00f3 d&#8217;activitats, instal\u00b7lacions i serveis de tota mena per a la MILLORA i MODERNITZACI\u00d3 de la distribuci\u00f3 aliment\u00e0ria.<\/li>\n<li>Millorar a tots els ordres el cicle de comercialitzaci\u00f3 dels aliments.<\/li>\n<\/ul>\n<\/li>\n<li>Formem part de la Xarxa de Mercas de MERCASA que actualment consta de 24 Unitats Aliment\u00e0ries repartides per tot el territori nacional (incloses les illes Can\u00e0ries) totes participades per MERCASA i per les corporacions locals.<\/li>\n<li>Volem ser un referent en sostenibilitat i innovaci\u00f3.<\/li>\n<\/ol>\n<p><img loading=\"lazy\" decoding=\"async\" class=\"alignnone wp-image-3690 \" src=\"https:\/\/mercapalma.net\/wp-content\/uploads\/mercado.jpg\" alt=\"mercado\" width=\"834\" height=\"559\" \/><\/p>\n<h2>QU\u00c8 FEM A MERCAPALMA?<\/h2>\n<ol>\n<li>Com a empresa de serveis gestionem espais i prestem serveis espec\u00edfics (manteniment, seguretat, neteja i gesti\u00f3 de residus) perqu\u00e8 les empreses desenvolupin la seva activitat de la manera m\u00e9s eficient i competitiva.<\/li>\n<li>A les nostres instal\u00b7lacions nom\u00e9s es poden implantar empreses del sector de l&#8217;alimentaci\u00f3 o que presentin serveis complementaris (taller mec\u00e0nic, frigoristes, entitat banc\u00e0ria, benzinera, bars-cafeteries, etc.)<\/li>\n<li>Les empreses es poden instal\u00b7lar en locals ubicats en pavellons\/naus o en parcel\u00b7les. Per instal\u00b7lar-se a locals \u00e9s mitjan\u00e7ant un proc\u00e9s d&#8217;adjudicaci\u00f3 per un temps determinat i per a la implantaci\u00f3 a les parcel\u00b7les \u00e9s mitjan\u00e7ant la cessi\u00f3 del dret de superf\u00edcie.<\/li>\n<li>S&#8217;afavoreix entre les empreses instal\u00b7lades la generaci\u00f3 de sinergies mitjan\u00e7ant economies de recinte per l&#8217;alta concentraci\u00f3 d&#8217;oferta\/demanda. Es creen economies d&#8217;escala que en milloren l&#8217;efici\u00e8ncia i la competitivitat.<\/li>\n<\/ol>\n<p>A destacar:<\/p>\n<ul style=\"list-style-type: circle;\">\n<li>Mercapalma presta un servei declarat com a essencial com \u00e9s l&#8217;abastament d&#8217;aliments frescos a la poblaci\u00f3 de Mallorca.\n<ul style=\"list-style-type: circle;\">\n<li>El 2022 es van comercialitzar 206.000 Tn d&#8217;aliments frescos (una mitjana de 690 Tn di\u00e0ries).<\/li>\n<\/ul>\n<\/li>\n<\/ul>\n<p>Des dels seus inicis el 1973 s&#8217;han comercialitzat prop de 7 milions de Tn de fruites, verdures i hortalisses.<\/p>\n<ul style=\"list-style-type: circle;\">\n<li>El 80% de la comercialitzaci\u00f3 va destinat al sector HORECA i el 20% restant a consum dom\u00e8stic.<\/li>\n<li>Ocupa una superf\u00edcie d&#8217;unes 40 hect\u00e0rees i alberga unes 88 empreses del sector agroalimentari i de serveis complementaris.<\/li>\n<li>Di\u00e0riament acudeixen a les nostres instal\u00b7lacions una mitjana de 1.400 treballadors i 2.800 vehicles (entre turismes i vehicles de transport de mercaderies)<\/li>\n<li>Som la sisena, d&#8217;un total de 24 Mercas, quant a superf\u00edcie i vuitena quant a volum de producte fresc comercialitzat tot aix\u00f2 a la comunitat aut\u00f2noma amb menor extensi\u00f3 i amb una poblaci\u00f3 resident a l&#8217;illa de Mallorca d&#8217;unes 940.000 persones ( a les Balears: 1,21 milions de residents i 11,5 milions de visitants)<\/li>\n<\/ul>\n<\/div><\/section>\n<div  class='avia-button-wrap avia-button-left  avia-builder-el-1  el_after_av_textblock  avia-builder-el-last ' ><a href=' https:\/\/mercapalma.net\/ca\/distribucio-i-ocupacio\/'  class='avia-button av-icon-on-hover avia-color-theme-color   avia-icon_select-no avia-size-small avia-position-left '   ><span class='avia_iconbox_title' >Distribuci\u00f3 de la superf\u00edcie<\/span><\/a><\/div>\n","protected":false},"excerpt":{"rendered":"<p>&#8230;<\/p>\n","protected":false},"author":1,"featured_media":0,"parent":0,"menu_order":0,"comment_status":"closed","ping_status":"closed","template":"","meta":{"footnotes":""},"class_list":["post-12342","page","type-page","status-publish","hentry"],"yoast_head":"<!-- This site is optimized with the Yoast SEO plugin v27.0 - https:\/\/yoast.com\/product\/yoast-seo-wordpress\/ -->\n<title>Mercat - Mercapalma<\/title>\n<meta name=\"robots\" content=\"index, follow, max-snippet:-1, max-image-preview:large, max-video-preview:-1\" \/>\n<link rel=\"canonical\" href=\"https:\/\/mercapalma.net\/mercapalma\/mercado\/\" \/>\n<meta property=\"og:locale\" content=\"ca_ES\" \/>\n<meta property=\"og:type\" content=\"article\" \/>\n<meta property=\"og:title\" content=\"Mercat - Mercapalma\" \/>\n<meta property=\"og:description\" content=\"...\" \/>\n<meta property=\"og:url\" content=\"https:\/\/mercapalma.net\/mercapalma\/mercado\/\" \/>\n<meta property=\"og:site_name\" content=\"Mercapalma\" \/>\n<meta property=\"article:publisher\" content=\"https:\/\/www.facebook.com\/mercapalma.sa\" \/>\n<meta property=\"article:modified_time\" content=\"2023-08-31T11:48:16+00:00\" \/>\n<meta property=\"og:image\" content=\"https:\/\/mercapalma.net\/wp-content\/uploads\/mercado.jpg\" \/>\n<meta name=\"twitter:card\" content=\"summary_large_image\" \/>\n<meta name=\"twitter:label1\" content=\"Temps estimat de lectura\" \/>\n\t<meta name=\"twitter:data1\" content=\"2 minuts\" \/>\n<script type=\"application\/ld+json\" class=\"yoast-schema-graph\">{\"@context\":\"https:\/\/schema.org\",\"@graph\":[{\"@type\":\"WebPage\",\"@id\":\"https:\/\/mercapalma.net\/mercapalma\/mercado\/\",\"url\":\"https:\/\/mercapalma.net\/mercapalma\/mercado\/\",\"name\":\"Mercat - Mercapalma\",\"isPartOf\":{\"@id\":\"https:\/\/mercapalma.net\/#website\"},\"primaryImageOfPage\":{\"@id\":\"https:\/\/mercapalma.net\/mercapalma\/mercado\/#primaryimage\"},\"image\":{\"@id\":\"https:\/\/mercapalma.net\/mercapalma\/mercado\/#primaryimage\"},\"thumbnailUrl\":\"https:\/\/mercapalma.net\/wp-content\/uploads\/mercado.jpg\",\"datePublished\":\"2021-02-09T19:11:20+00:00\",\"dateModified\":\"2023-08-31T11:48:16+00:00\",\"breadcrumb\":{\"@id\":\"https:\/\/mercapalma.net\/mercapalma\/mercado\/#breadcrumb\"},\"inLanguage\":\"ca\",\"potentialAction\":[{\"@type\":\"ReadAction\",\"target\":[\"https:\/\/mercapalma.net\/mercapalma\/mercado\/\"]}]},{\"@type\":\"ImageObject\",\"inLanguage\":\"ca\",\"@id\":\"https:\/\/mercapalma.net\/mercapalma\/mercado\/#primaryimage\",\"url\":\"https:\/\/mercapalma.net\/wp-content\/uploads\/mercado.jpg\",\"contentUrl\":\"https:\/\/mercapalma.net\/wp-content\/uploads\/mercado.jpg\"},{\"@type\":\"BreadcrumbList\",\"@id\":\"https:\/\/mercapalma.net\/mercapalma\/mercado\/#breadcrumb\",\"itemListElement\":[{\"@type\":\"ListItem\",\"position\":1,\"name\":\"Portada\",\"item\":\"https:\/\/mercapalma.net\/ca\/\"},{\"@type\":\"ListItem\",\"position\":2,\"name\":\"Mercat\"}]},{\"@type\":\"WebSite\",\"@id\":\"https:\/\/mercapalma.net\/#website\",\"url\":\"https:\/\/mercapalma.net\/\",\"name\":\"Mercapalma\",\"description\":\"Mercados centrales de abastecimientos de Mallorca\",\"publisher\":{\"@id\":\"https:\/\/mercapalma.net\/#organization\"},\"potentialAction\":[{\"@type\":\"SearchAction\",\"target\":{\"@type\":\"EntryPoint\",\"urlTemplate\":\"https:\/\/mercapalma.net\/?s={search_term_string}\"},\"query-input\":{\"@type\":\"PropertyValueSpecification\",\"valueRequired\":true,\"valueName\":\"search_term_string\"}}],\"inLanguage\":\"ca\"},{\"@type\":\"Organization\",\"@id\":\"https:\/\/mercapalma.net\/#organization\",\"name\":\"Mercapalma\",\"url\":\"https:\/\/mercapalma.net\/\",\"logo\":{\"@type\":\"ImageObject\",\"inLanguage\":\"ca\",\"@id\":\"https:\/\/mercapalma.net\/#\/schema\/logo\/image\/\",\"url\":\"https:\/\/mercapalma.net\/wp-content\/uploads\/mercapalma.jpeg\",\"contentUrl\":\"https:\/\/mercapalma.net\/wp-content\/uploads\/mercapalma.jpeg\",\"width\":324,\"height\":200,\"caption\":\"Mercapalma\"},\"image\":{\"@id\":\"https:\/\/mercapalma.net\/#\/schema\/logo\/image\/\"},\"sameAs\":[\"https:\/\/www.facebook.com\/mercapalma.sa\",\"https:\/\/www.instagram.com\/mercapalma\/\"]}]}<\/script>\n<!-- \/ Yoast SEO plugin. -->","yoast_head_json":{"title":"Mercat - Mercapalma","robots":{"index":"index","follow":"follow","max-snippet":"max-snippet:-1","max-image-preview":"max-image-preview:large","max-video-preview":"max-video-preview:-1"},"canonical":"https:\/\/mercapalma.net\/mercapalma\/mercado\/","og_locale":"ca_ES","og_type":"article","og_title":"Mercat - Mercapalma","og_description":"...","og_url":"https:\/\/mercapalma.net\/mercapalma\/mercado\/","og_site_name":"Mercapalma","article_publisher":"https:\/\/www.facebook.com\/mercapalma.sa","article_modified_time":"2023-08-31T11:48:16+00:00","og_image":[{"url":"https:\/\/mercapalma.net\/wp-content\/uploads\/mercado.jpg","type":"","width":"","height":""}],"twitter_card":"summary_large_image","twitter_misc":{"Temps estimat de lectura":"2 minuts"},"schema":{"@context":"https:\/\/schema.org","@graph":[{"@type":"WebPage","@id":"https:\/\/mercapalma.net\/mercapalma\/mercado\/","url":"https:\/\/mercapalma.net\/mercapalma\/mercado\/","name":"Mercat - Mercapalma","isPartOf":{"@id":"https:\/\/mercapalma.net\/#website"},"primaryImageOfPage":{"@id":"https:\/\/mercapalma.net\/mercapalma\/mercado\/#primaryimage"},"image":{"@id":"https:\/\/mercapalma.net\/mercapalma\/mercado\/#primaryimage"},"thumbnailUrl":"https:\/\/mercapalma.net\/wp-content\/uploads\/mercado.jpg","datePublished":"2021-02-09T19:11:20+00:00","dateModified":"2023-08-31T11:48:16+00:00","breadcrumb":{"@id":"https:\/\/mercapalma.net\/mercapalma\/mercado\/#breadcrumb"},"inLanguage":"ca","potentialAction":[{"@type":"ReadAction","target":["https:\/\/mercapalma.net\/mercapalma\/mercado\/"]}]},{"@type":"ImageObject","inLanguage":"ca","@id":"https:\/\/mercapalma.net\/mercapalma\/mercado\/#primaryimage","url":"https:\/\/mercapalma.net\/wp-content\/uploads\/mercado.jpg","contentUrl":"https:\/\/mercapalma.net\/wp-content\/uploads\/mercado.jpg"},{"@type":"BreadcrumbList","@id":"https:\/\/mercapalma.net\/mercapalma\/mercado\/#breadcrumb","itemListElement":[{"@type":"ListItem","position":1,"name":"Portada","item":"https:\/\/mercapalma.net\/ca\/"},{"@type":"ListItem","position":2,"name":"Mercat"}]},{"@type":"WebSite","@id":"https:\/\/mercapalma.net\/#website","url":"https:\/\/mercapalma.net\/","name":"Mercapalma","description":"Mercados centrales de abastecimientos de Mallorca","publisher":{"@id":"https:\/\/mercapalma.net\/#organization"},"potentialAction":[{"@type":"SearchAction","target":{"@type":"EntryPoint","urlTemplate":"https:\/\/mercapalma.net\/?s={search_term_string}"},"query-input":{"@type":"PropertyValueSpecification","valueRequired":true,"valueName":"search_term_string"}}],"inLanguage":"ca"},{"@type":"Organization","@id":"https:\/\/mercapalma.net\/#organization","name":"Mercapalma","url":"https:\/\/mercapalma.net\/","logo":{"@type":"ImageObject","inLanguage":"ca","@id":"https:\/\/mercapalma.net\/#\/schema\/logo\/image\/","url":"https:\/\/mercapalma.net\/wp-content\/uploads\/mercapalma.jpeg","contentUrl":"https:\/\/mercapalma.net\/wp-content\/uploads\/mercapalma.jpeg","width":324,"height":200,"caption":"Mercapalma"},"image":{"@id":"https:\/\/mercapalma.net\/#\/schema\/logo\/image\/"},"sameAs":["https:\/\/www.facebook.com\/mercapalma.sa","https:\/\/www.instagram.com\/mercapalma\/"]}]}},"_links":{"self":[{"href":"https:\/\/mercapalma.net\/ca\/wp-json\/wp\/v2\/pages\/12342","targetHints":{"allow":["GET"]}}],"collection":[{"href":"https:\/\/mercapalma.net\/ca\/wp-json\/wp\/v2\/pages"}],"about":[{"href":"https:\/\/mercapalma.net\/ca\/wp-json\/wp\/v2\/types\/page"}],"author":[{"embeddable":true,"href":"https:\/\/mercapalma.net\/ca\/wp-json\/wp\/v2\/users\/1"}],"replies":[{"embeddable":true,"href":"https:\/\/mercapalma.net\/ca\/wp-json\/wp\/v2\/comments?post=12342"}],"version-history":[{"count":0,"href":"https:\/\/mercapalma.net\/ca\/wp-json\/wp\/v2\/pages\/12342\/revisions"}],"wp:attachment":[{"href":"https:\/\/mercapalma.net\/ca\/wp-json\/wp\/v2\/media?parent=12342"}],"curies":[{"name":"wp","href":"https:\/\/api.w.org\/{rel}","templated":true}]}}