{"id":12338,"date":"2015-11-05T12:48:39","date_gmt":"2015-11-05T12:48:39","guid":{"rendered":"https:\/\/mercapalma.net\/transparencia\/"},"modified":"2021-02-09T20:45:31","modified_gmt":"2021-02-09T20:45:31","slug":"transparencia","status":"publish","type":"page","link":"https:\/\/mercapalma.net\/ca\/transparencia\/","title":{"rendered":"Transparencia"},"content":{"rendered":"<div  class='avia-image-container avia_animated_image avia_animate_when_almost_visible pop-up av-styling- av-hover-grow   avia-builder-el-0  el_before_av_textblock  avia-builder-el-first  avia-align-center '  itemprop=\"image\" itemscope=\"itemscope\" itemtype=\"https:\/\/schema.org\/ImageObject\"  ><div class='avia-image-container-inner'><div class='avia-image-overlay-wrap'><img decoding=\"async\" class='wp-image-0 avia-img-lazy-loading-not-0 avia_image' src=\"https:\/\/mercapalma.net\/wp-content\/uploads\/connect-316638_1280-1030x686.jpg\" alt='' title=''   itemprop=\"thumbnailUrl\"  \/><\/div><\/div><\/div>\n<section class=\"av_textblock_section \"  itemscope=\"itemscope\" itemtype=\"https:\/\/schema.org\/CreativeWork\" ><div class='avia_textblock  '   itemprop=\"text\" ><p><em><strong>Introducci\u00f3:<\/strong><\/em><br \/>\nD&#8217;acord amb la nostra visi\u00f3, volem ser reconeguts en l&#8217;entorn socioecon\u00f2mic com a dinamitzadors de el sector agroalimentari, oferint als nostres clients serveis de qualitat, garantint una gesti\u00f3 eficient i rendible, promovent una alimentaci\u00f3 saludable, donant suport al producte de proximitat (local) i la seguretat aliment\u00e0ria. Estem sensibilitzats en la protecci\u00f3 de l&#8217;entorn i en la reducci\u00f3 de l&#8217;malbaratament alimentari, basant-nos en la participaci\u00f3 compromesa de les persones i el lideratge.<br \/>\nPer tant Mercapalma es <strong>compromet amb tots els grups d&#8217;inter\u00e8s a actuar amb transpar\u00e8ncia<\/strong>, mitjan\u00e7ant la publicitat activa i la garantia d&#8217;acc\u00e9s a la informaci\u00f3.<br \/>\nD&#8217;acord amb aquest objectiu, Mercapalma publica al web informaci\u00f3 que considera d&#8217;inter\u00e8s pel que fa als seg\u00fcents aspectes:<br \/>\n<em><a href=\"https:\/\/mercapalma.net\/ca\/informacion-organizativa\/\">A) Informaci\u00f3 organitzativa<\/a><\/em><br \/>\n<a href=\"https:\/\/mercapalma.net\/informacion-normativa\/\"><em>B) Informaci\u00f3 normativa<\/em><\/a><br \/>\n<em><a href=\"https:\/\/mercapalma.net\/informacion-economica\/\">C) Informaci\u00f3 econ\u00f2mica<\/a><\/em><br \/>\n<a href=\"https:\/\/mercapalma.net\/buzon-de-transparencia\/\">D) B\u00fastia de transpar\u00e8ncia<\/a><\/p>\n<\/div><\/section>\n","protected":false},"excerpt":{"rendered":"<p>&#8230;<\/p>\n","protected":false},"author":2,"featured_media":0,"parent":0,"menu_order":0,"comment_status":"closed","ping_status":"closed","template":"","meta":{"footnotes":""},"class_list":["post-12338","page","type-page","status-publish","hentry"],"yoast_head":"<!-- This site is optimized with the Yoast SEO plugin v27.0 - https:\/\/yoast.com\/product\/yoast-seo-wordpress\/ -->\n<title>Transparencia - Mercapalma<\/title>\n<meta name=\"robots\" content=\"index, follow, max-snippet:-1, max-image-preview:large, max-video-preview:-1\" \/>\n<link rel=\"canonical\" href=\"https:\/\/mercapalma.net\/sidebar\/transparencia\/\" \/>\n<meta property=\"og:locale\" content=\"ca_ES\" \/>\n<meta property=\"og:type\" content=\"article\" \/>\n<meta property=\"og:title\" content=\"Transparencia - Mercapalma\" \/>\n<meta property=\"og:description\" content=\"...\" \/>\n<meta property=\"og:url\" content=\"https:\/\/mercapalma.net\/sidebar\/transparencia\/\" \/>\n<meta property=\"og:site_name\" content=\"Mercapalma\" \/>\n<meta property=\"article:publisher\" content=\"https:\/\/www.facebook.com\/mercapalma.sa\" \/>\n<meta property=\"article:modified_time\" content=\"2021-02-09T20:45:31+00:00\" \/>\n<meta property=\"og:image\" content=\"https:\/\/mercapalma.net\/wp-content\/uploads\/Logo-Mercapalma_300-01.png\" \/>\n\t<meta property=\"og:image:width\" content=\"2775\" \/>\n\t<meta property=\"og:image:height\" content=\"442\" \/>\n\t<meta property=\"og:image:type\" content=\"image\/png\" \/>\n<meta name=\"twitter:card\" content=\"summary_large_image\" \/>\n<meta name=\"twitter:label1\" content=\"Temps estimat de lectura\" \/>\n\t<meta name=\"twitter:data1\" content=\"1 minut\" \/>\n<script type=\"application\/ld+json\" class=\"yoast-schema-graph\">{\"@context\":\"https:\/\/schema.org\",\"@graph\":[{\"@type\":\"WebPage\",\"@id\":\"https:\/\/mercapalma.net\/sidebar\/transparencia\/\",\"url\":\"https:\/\/mercapalma.net\/sidebar\/transparencia\/\",\"name\":\"Transparencia - Mercapalma\",\"isPartOf\":{\"@id\":\"https:\/\/mercapalma.net\/#website\"},\"datePublished\":\"2015-11-05T12:48:39+00:00\",\"dateModified\":\"2021-02-09T20:45:31+00:00\",\"breadcrumb\":{\"@id\":\"https:\/\/mercapalma.net\/sidebar\/transparencia\/#breadcrumb\"},\"inLanguage\":\"ca\",\"potentialAction\":[{\"@type\":\"ReadAction\",\"target\":[\"https:\/\/mercapalma.net\/sidebar\/transparencia\/\"]}]},{\"@type\":\"BreadcrumbList\",\"@id\":\"https:\/\/mercapalma.net\/sidebar\/transparencia\/#breadcrumb\",\"itemListElement\":[{\"@type\":\"ListItem\",\"position\":1,\"name\":\"Portada\",\"item\":\"https:\/\/mercapalma.net\/ca\/\"},{\"@type\":\"ListItem\",\"position\":2,\"name\":\"Transparencia\"}]},{\"@type\":\"WebSite\",\"@id\":\"https:\/\/mercapalma.net\/#website\",\"url\":\"https:\/\/mercapalma.net\/\",\"name\":\"Mercapalma\",\"description\":\"Mercados centrales de abastecimientos de Mallorca\",\"publisher\":{\"@id\":\"https:\/\/mercapalma.net\/#organization\"},\"potentialAction\":[{\"@type\":\"SearchAction\",\"target\":{\"@type\":\"EntryPoint\",\"urlTemplate\":\"https:\/\/mercapalma.net\/?s={search_term_string}\"},\"query-input\":{\"@type\":\"PropertyValueSpecification\",\"valueRequired\":true,\"valueName\":\"search_term_string\"}}],\"inLanguage\":\"ca\"},{\"@type\":\"Organization\",\"@id\":\"https:\/\/mercapalma.net\/#organization\",\"name\":\"Mercapalma\",\"url\":\"https:\/\/mercapalma.net\/\",\"logo\":{\"@type\":\"ImageObject\",\"inLanguage\":\"ca\",\"@id\":\"https:\/\/mercapalma.net\/#\/schema\/logo\/image\/\",\"url\":\"https:\/\/mercapalma.net\/wp-content\/uploads\/mercapalma.jpeg\",\"contentUrl\":\"https:\/\/mercapalma.net\/wp-content\/uploads\/mercapalma.jpeg\",\"width\":324,\"height\":200,\"caption\":\"Mercapalma\"},\"image\":{\"@id\":\"https:\/\/mercapalma.net\/#\/schema\/logo\/image\/\"},\"sameAs\":[\"https:\/\/www.facebook.com\/mercapalma.sa\",\"https:\/\/www.instagram.com\/mercapalma\/\"]}]}<\/script>\n<!-- \/ Yoast SEO plugin. -->","yoast_head_json":{"title":"Transparencia - Mercapalma","robots":{"index":"index","follow":"follow","max-snippet":"max-snippet:-1","max-image-preview":"max-image-preview:large","max-video-preview":"max-video-preview:-1"},"canonical":"https:\/\/mercapalma.net\/sidebar\/transparencia\/","og_locale":"ca_ES","og_type":"article","og_title":"Transparencia - Mercapalma","og_description":"...","og_url":"https:\/\/mercapalma.net\/sidebar\/transparencia\/","og_site_name":"Mercapalma","article_publisher":"https:\/\/www.facebook.com\/mercapalma.sa","article_modified_time":"2021-02-09T20:45:31+00:00","og_image":[{"width":2775,"height":442,"url":"https:\/\/mercapalma.net\/wp-content\/uploads\/Logo-Mercapalma_300-01.png","type":"image\/png"}],"twitter_card":"summary_large_image","twitter_misc":{"Temps estimat de lectura":"1 minut"},"schema":{"@context":"https:\/\/schema.org","@graph":[{"@type":"WebPage","@id":"https:\/\/mercapalma.net\/sidebar\/transparencia\/","url":"https:\/\/mercapalma.net\/sidebar\/transparencia\/","name":"Transparencia - Mercapalma","isPartOf":{"@id":"https:\/\/mercapalma.net\/#website"},"datePublished":"2015-11-05T12:48:39+00:00","dateModified":"2021-02-09T20:45:31+00:00","breadcrumb":{"@id":"https:\/\/mercapalma.net\/sidebar\/transparencia\/#breadcrumb"},"inLanguage":"ca","potentialAction":[{"@type":"ReadAction","target":["https:\/\/mercapalma.net\/sidebar\/transparencia\/"]}]},{"@type":"BreadcrumbList","@id":"https:\/\/mercapalma.net\/sidebar\/transparencia\/#breadcrumb","itemListElement":[{"@type":"ListItem","position":1,"name":"Portada","item":"https:\/\/mercapalma.net\/ca\/"},{"@type":"ListItem","position":2,"name":"Transparencia"}]},{"@type":"WebSite","@id":"https:\/\/mercapalma.net\/#website","url":"https:\/\/mercapalma.net\/","name":"Mercapalma","description":"Mercados centrales de abastecimientos de Mallorca","publisher":{"@id":"https:\/\/mercapalma.net\/#organization"},"potentialAction":[{"@type":"SearchAction","target":{"@type":"EntryPoint","urlTemplate":"https:\/\/mercapalma.net\/?s={search_term_string}"},"query-input":{"@type":"PropertyValueSpecification","valueRequired":true,"valueName":"search_term_string"}}],"inLanguage":"ca"},{"@type":"Organization","@id":"https:\/\/mercapalma.net\/#organization","name":"Mercapalma","url":"https:\/\/mercapalma.net\/","logo":{"@type":"ImageObject","inLanguage":"ca","@id":"https:\/\/mercapalma.net\/#\/schema\/logo\/image\/","url":"https:\/\/mercapalma.net\/wp-content\/uploads\/mercapalma.jpeg","contentUrl":"https:\/\/mercapalma.net\/wp-content\/uploads\/mercapalma.jpeg","width":324,"height":200,"caption":"Mercapalma"},"image":{"@id":"https:\/\/mercapalma.net\/#\/schema\/logo\/image\/"},"sameAs":["https:\/\/www.facebook.com\/mercapalma.sa","https:\/\/www.instagram.com\/mercapalma\/"]}]}},"_links":{"self":[{"href":"https:\/\/mercapalma.net\/ca\/wp-json\/wp\/v2\/pages\/12338","targetHints":{"allow":["GET"]}}],"collection":[{"href":"https:\/\/mercapalma.net\/ca\/wp-json\/wp\/v2\/pages"}],"about":[{"href":"https:\/\/mercapalma.net\/ca\/wp-json\/wp\/v2\/types\/page"}],"author":[{"embeddable":true,"href":"https:\/\/mercapalma.net\/ca\/wp-json\/wp\/v2\/users\/2"}],"replies":[{"embeddable":true,"href":"https:\/\/mercapalma.net\/ca\/wp-json\/wp\/v2\/comments?post=12338"}],"version-history":[{"count":0,"href":"https:\/\/mercapalma.net\/ca\/wp-json\/wp\/v2\/pages\/12338\/revisions"}],"wp:attachment":[{"href":"https:\/\/mercapalma.net\/ca\/wp-json\/wp\/v2\/media?parent=12338"}],"curies":[{"name":"wp","href":"https:\/\/api.w.org\/{rel}","templated":true}]}}