{"id":12332,"date":"2021-02-09T19:06:22","date_gmt":"2021-02-09T19:06:22","guid":{"rendered":"https:\/\/mercapalma.net\/?page_id=12332"},"modified":"2023-08-31T13:43:48","modified_gmt":"2023-08-31T11:43:48","slug":"mision-vision-valores","status":"publish","type":"page","link":"https:\/\/mercapalma.net\/ca\/mision-vision-valores\/","title":{"rendered":"Missi\u00f3, visi\u00f3, valors"},"content":{"rendered":"<section class=\"av_textblock_section \"  itemscope=\"itemscope\" itemtype=\"https:\/\/schema.org\/CreativeWork\" ><div class='avia_textblock  '   itemprop=\"text\" ><div>\n<h2>PROPOSIT DE MERCAPALMA<\/h2>\n<p style=\"text-align: justify;\"><span class=\"av_dropcap1 \" >M<\/span>illorar l&#8217;efici\u00e8ncia i la competitivitat dels nostres operadors en l&#8217;abastiment d&#8217;aliments de qualitat i saludables a la nostra \u00e0rea d&#8217;influ\u00e8ncia de manera sostenible.<\/p>\n<hr \/>\n<\/div>\n<div class=\"center\">\n<div class=\"maincontent\">\n<h2>MISSI\u00d3<\/h2>\n<h2><\/h2>\n<p style=\"text-align: justify;\">Som una empresa p\u00fablica d&#8217;\u00e0mbit insular, que ofereix espais, infraestructures i serveis per al desenvolupament de l&#8217;activitat de log\u00edstica i comercialitzaci\u00f3\u200b agroaliment\u00e0ria especialment de producte fresc, promovent la competitivitat del mercat, en benefici de la societat, i amb uns resultats satisfactoris per als nostres grups d&#8217;inter\u00e8s.<\/p>\n<p><img loading=\"lazy\" decoding=\"async\" class=\"size-large wp-image-19306 aligncenter\" src=\"https:\/\/mercapalma.net\/wp-content\/uploads\/Captura-de-pantalla-2022-01-19-a-las-18.55.29-1030x579.png\" alt=\"\" width=\"1030\" height=\"579\" srcset=\"https:\/\/mercapalma.net\/wp-content\/uploads\/Captura-de-pantalla-2022-01-19-a-las-18.55.29-1030x579.png 1030w, https:\/\/mercapalma.net\/wp-content\/uploads\/Captura-de-pantalla-2022-01-19-a-las-18.55.29-768x432.png 768w, https:\/\/mercapalma.net\/wp-content\/uploads\/Captura-de-pantalla-2022-01-19-a-las-18.55.29-705x397.png 705w, https:\/\/mercapalma.net\/wp-content\/uploads\/Captura-de-pantalla-2022-01-19-a-las-18.55.29.png 1097w\" sizes=\"auto, (max-width: 1030px) 100vw, 1030px\" \/><\/p>\n<hr \/>\n<h2>VISI\u00d3<\/h2>\n<p><img loading=\"lazy\" decoding=\"async\" class=\"alignnone size-large wp-image-19404\" src=\"https:\/\/mercapalma.net\/wp-content\/uploads\/mercapalma-1-1030x652.png\" alt=\"\" width=\"1030\" height=\"652\" srcset=\"https:\/\/mercapalma.net\/wp-content\/uploads\/mercapalma-1-1030x652.png 1030w, https:\/\/mercapalma.net\/wp-content\/uploads\/mercapalma-1-768x486.png 768w, https:\/\/mercapalma.net\/wp-content\/uploads\/mercapalma-1-705x446.png 705w, https:\/\/mercapalma.net\/wp-content\/uploads\/mercapalma-1.png 1152w\" sizes=\"auto, (max-width: 1030px) 100vw, 1030px\" \/><\/p>\n<h2><\/h2>\n<h2><\/h2>\n<h2><\/h2>\n<p>Volem ser reconeguts com a dinamitzadors del sector agroalimentari, oferint als nostres clients serveis de qualitat, garantint una gesti\u00f3 transparent, eficient i rendible, promovent una alimentaci\u00f3 saludable, donant suport al producte de proximitat (local) i la seguretat aliment\u00e0ria, i sensibilitzats en la protecci\u00f3 del medi ambient, i en la reducci\u00f3 del desaprofitament alimentari, basant-nos en la participaci\u00f3 compromesa de les persones i el lideratge.<\/p>\n<\/div>\n<\/div>\n<div class=\"center\">\n<div class=\"maincontent\">\n<hr \/>\n<h2>VALORS<\/h2>\n<div class=\"maincontent\"><span style=\"font-size: 12pt;\">1.\u00a0<strong>Transpar\u00e8ncia en la gesti\u00f3:<\/strong> Proporcionar la informaci\u00f3 necess\u00e0ria per a cada grup d\u2019inter\u00e8s d\u2019una manera clara, vera\u00e7, accessible i oportuna.<\/span><\/div>\n<div class=\"maincontent\"><span style=\"font-size: 12pt;\">2.\u00a0<strong>Fiabilitat:<\/strong> Transmetre confian\u00e7a en la nostra Organitzaci\u00f3 i serietat en el compliment dels nostres interessos i obligacions.<\/span><\/div>\n<div class=\"maincontent\"><span style=\"font-size: 12pt;\">3.\u00a0<strong>Orientaci\u00f3 a resultats:<\/strong>\u00a0Buscar constantment la concreci\u00f3 de resultats, mantenint alts nivells de rendiment i qualitat.<\/span><\/div>\n<div class=\"maincontent\"><span style=\"font-size: 12pt;\">4.<strong>Treball en equip:<\/strong>\u00a0Tenir present que l\u2019\u00e8xit d\u2019un equip de treball no dependr\u00e0 de la genialitat individual de cadascun dels seus membres sin\u00f3 de la coordinaci\u00f3 de les seves activitats, del saber donar-se suport els uns als altres anteposant els interessos de l\u2019Organitzaci\u00f3 als particulars.<\/span><\/div>\n<div class=\"maincontent\"><span style=\"font-size: 12pt;\">5.\u00a0<strong>Innovaci\u00f3:<\/strong>\u00a0Pretenem afavorir accions que estimulin l\u2019adaptaci\u00f3 als canvis del mercat, fomentant l\u2019esperit emprenedor, potenciant el lideratge, per a mantenir viva l\u2019estrat\u00e8gia d\u2019avan\u00e7 tecnol\u00f2gic i millora cont\u00ednua.<\/span><\/div>\n<div class=\"maincontent\"><span style=\"font-size: 12pt;\">6.\u00a0<strong>Sostenibilitat:<\/strong> Atenem de manera equilibrada els interessos dels nostres grups d\u2019inter\u00e8s.<\/span><\/div>\n<div class=\"maincontent\"><span style=\"font-size: 12pt;\">7.\u00a0<strong>Solidaritat:<\/strong> Posem les nostres infraestructures al servei dels organismes d\u2019ajuda als m\u00e9s necessitats i donem suport a iniciatives destinades a crear h\u00e0bits de consum saludable en la societat i especialment entre els m\u00e9s joves.<\/span><\/div>\n<\/div>\n<div><img loading=\"lazy\" decoding=\"async\" class=\"alignnone size-full wp-image-19402 aligncenter\" src=\"https:\/\/mercapalma.net\/wp-content\/uploads\/gratacel.png\" alt=\"\" width=\"642\" height=\"662\" srcset=\"https:\/\/mercapalma.net\/wp-content\/uploads\/gratacel.png 642w, https:\/\/mercapalma.net\/wp-content\/uploads\/gratacel-36x36.png 36w\" sizes=\"auto, (max-width: 642px) 100vw, 642px\" \/><\/div>\n<div class=\"maincontent\"><\/div>\n<\/div>\n<\/div><\/section>\n","protected":false},"excerpt":{"rendered":"<p>&#8230;<\/p>\n","protected":false},"author":1,"featured_media":0,"parent":0,"menu_order":0,"comment_status":"closed","ping_status":"closed","template":"","meta":{"footnotes":""},"class_list":["post-12332","page","type-page","status-publish","hentry"],"yoast_head":"<!-- This site is optimized with the Yoast SEO plugin v27.0 - https:\/\/yoast.com\/product\/yoast-seo-wordpress\/ -->\n<title>Missi\u00f3, visi\u00f3, valors - Mercapalma<\/title>\n<meta name=\"robots\" content=\"index, follow, max-snippet:-1, max-image-preview:large, max-video-preview:-1\" \/>\n<link rel=\"canonical\" href=\"https:\/\/mercapalma.net\/mercapalma\/mision-vision-valores\/\" \/>\n<meta property=\"og:locale\" content=\"ca_ES\" \/>\n<meta property=\"og:type\" content=\"article\" \/>\n<meta property=\"og:title\" content=\"Missi\u00f3, visi\u00f3, valors - Mercapalma\" \/>\n<meta property=\"og:description\" content=\"...\" \/>\n<meta property=\"og:url\" content=\"https:\/\/mercapalma.net\/mercapalma\/mision-vision-valores\/\" \/>\n<meta property=\"og:site_name\" content=\"Mercapalma\" \/>\n<meta property=\"article:publisher\" content=\"https:\/\/www.facebook.com\/mercapalma.sa\" \/>\n<meta property=\"article:modified_time\" content=\"2023-08-31T11:43:48+00:00\" \/>\n<meta property=\"og:image\" content=\"https:\/\/mercapalma.net\/wp-content\/uploads\/Captura-de-pantalla-2022-01-19-a-las-18.55.29-1030x579.png\" \/>\n<meta name=\"twitter:card\" content=\"summary_large_image\" \/>\n<meta name=\"twitter:label1\" content=\"Temps estimat de lectura\" \/>\n\t<meta name=\"twitter:data1\" content=\"3 minuts\" \/>\n<script type=\"application\/ld+json\" class=\"yoast-schema-graph\">{\"@context\":\"https:\/\/schema.org\",\"@graph\":[{\"@type\":\"WebPage\",\"@id\":\"https:\/\/mercapalma.net\/mercapalma\/mision-vision-valores\/\",\"url\":\"https:\/\/mercapalma.net\/mercapalma\/mision-vision-valores\/\",\"name\":\"Missi\u00f3, visi\u00f3, valors - Mercapalma\",\"isPartOf\":{\"@id\":\"https:\/\/mercapalma.net\/#website\"},\"primaryImageOfPage\":{\"@id\":\"https:\/\/mercapalma.net\/mercapalma\/mision-vision-valores\/#primaryimage\"},\"image\":{\"@id\":\"https:\/\/mercapalma.net\/mercapalma\/mision-vision-valores\/#primaryimage\"},\"thumbnailUrl\":\"https:\/\/mercapalma.net\/wp-content\/uploads\/Captura-de-pantalla-2022-01-19-a-las-18.55.29-1030x579.png\",\"datePublished\":\"2021-02-09T19:06:22+00:00\",\"dateModified\":\"2023-08-31T11:43:48+00:00\",\"breadcrumb\":{\"@id\":\"https:\/\/mercapalma.net\/mercapalma\/mision-vision-valores\/#breadcrumb\"},\"inLanguage\":\"ca\",\"potentialAction\":[{\"@type\":\"ReadAction\",\"target\":[\"https:\/\/mercapalma.net\/mercapalma\/mision-vision-valores\/\"]}]},{\"@type\":\"ImageObject\",\"inLanguage\":\"ca\",\"@id\":\"https:\/\/mercapalma.net\/mercapalma\/mision-vision-valores\/#primaryimage\",\"url\":\"https:\/\/mercapalma.net\/wp-content\/uploads\/Captura-de-pantalla-2022-01-19-a-las-18.55.29-1030x579.png\",\"contentUrl\":\"https:\/\/mercapalma.net\/wp-content\/uploads\/Captura-de-pantalla-2022-01-19-a-las-18.55.29-1030x579.png\"},{\"@type\":\"BreadcrumbList\",\"@id\":\"https:\/\/mercapalma.net\/mercapalma\/mision-vision-valores\/#breadcrumb\",\"itemListElement\":[{\"@type\":\"ListItem\",\"position\":1,\"name\":\"Portada\",\"item\":\"https:\/\/mercapalma.net\/ca\/\"},{\"@type\":\"ListItem\",\"position\":2,\"name\":\"Missi\u00f3, visi\u00f3, valors\"}]},{\"@type\":\"WebSite\",\"@id\":\"https:\/\/mercapalma.net\/#website\",\"url\":\"https:\/\/mercapalma.net\/\",\"name\":\"Mercapalma\",\"description\":\"Mercados centrales de abastecimientos de Mallorca\",\"publisher\":{\"@id\":\"https:\/\/mercapalma.net\/#organization\"},\"potentialAction\":[{\"@type\":\"SearchAction\",\"target\":{\"@type\":\"EntryPoint\",\"urlTemplate\":\"https:\/\/mercapalma.net\/?s={search_term_string}\"},\"query-input\":{\"@type\":\"PropertyValueSpecification\",\"valueRequired\":true,\"valueName\":\"search_term_string\"}}],\"inLanguage\":\"ca\"},{\"@type\":\"Organization\",\"@id\":\"https:\/\/mercapalma.net\/#organization\",\"name\":\"Mercapalma\",\"url\":\"https:\/\/mercapalma.net\/\",\"logo\":{\"@type\":\"ImageObject\",\"inLanguage\":\"ca\",\"@id\":\"https:\/\/mercapalma.net\/#\/schema\/logo\/image\/\",\"url\":\"https:\/\/mercapalma.net\/wp-content\/uploads\/mercapalma.jpeg\",\"contentUrl\":\"https:\/\/mercapalma.net\/wp-content\/uploads\/mercapalma.jpeg\",\"width\":324,\"height\":200,\"caption\":\"Mercapalma\"},\"image\":{\"@id\":\"https:\/\/mercapalma.net\/#\/schema\/logo\/image\/\"},\"sameAs\":[\"https:\/\/www.facebook.com\/mercapalma.sa\",\"https:\/\/www.instagram.com\/mercapalma\/\"]}]}<\/script>\n<!-- \/ Yoast SEO plugin. -->","yoast_head_json":{"title":"Missi\u00f3, visi\u00f3, valors - Mercapalma","robots":{"index":"index","follow":"follow","max-snippet":"max-snippet:-1","max-image-preview":"max-image-preview:large","max-video-preview":"max-video-preview:-1"},"canonical":"https:\/\/mercapalma.net\/mercapalma\/mision-vision-valores\/","og_locale":"ca_ES","og_type":"article","og_title":"Missi\u00f3, visi\u00f3, valors - Mercapalma","og_description":"...","og_url":"https:\/\/mercapalma.net\/mercapalma\/mision-vision-valores\/","og_site_name":"Mercapalma","article_publisher":"https:\/\/www.facebook.com\/mercapalma.sa","article_modified_time":"2023-08-31T11:43:48+00:00","og_image":[{"url":"https:\/\/mercapalma.net\/wp-content\/uploads\/Captura-de-pantalla-2022-01-19-a-las-18.55.29-1030x579.png","type":"","width":"","height":""}],"twitter_card":"summary_large_image","twitter_misc":{"Temps estimat de lectura":"3 minuts"},"schema":{"@context":"https:\/\/schema.org","@graph":[{"@type":"WebPage","@id":"https:\/\/mercapalma.net\/mercapalma\/mision-vision-valores\/","url":"https:\/\/mercapalma.net\/mercapalma\/mision-vision-valores\/","name":"Missi\u00f3, visi\u00f3, valors - Mercapalma","isPartOf":{"@id":"https:\/\/mercapalma.net\/#website"},"primaryImageOfPage":{"@id":"https:\/\/mercapalma.net\/mercapalma\/mision-vision-valores\/#primaryimage"},"image":{"@id":"https:\/\/mercapalma.net\/mercapalma\/mision-vision-valores\/#primaryimage"},"thumbnailUrl":"https:\/\/mercapalma.net\/wp-content\/uploads\/Captura-de-pantalla-2022-01-19-a-las-18.55.29-1030x579.png","datePublished":"2021-02-09T19:06:22+00:00","dateModified":"2023-08-31T11:43:48+00:00","breadcrumb":{"@id":"https:\/\/mercapalma.net\/mercapalma\/mision-vision-valores\/#breadcrumb"},"inLanguage":"ca","potentialAction":[{"@type":"ReadAction","target":["https:\/\/mercapalma.net\/mercapalma\/mision-vision-valores\/"]}]},{"@type":"ImageObject","inLanguage":"ca","@id":"https:\/\/mercapalma.net\/mercapalma\/mision-vision-valores\/#primaryimage","url":"https:\/\/mercapalma.net\/wp-content\/uploads\/Captura-de-pantalla-2022-01-19-a-las-18.55.29-1030x579.png","contentUrl":"https:\/\/mercapalma.net\/wp-content\/uploads\/Captura-de-pantalla-2022-01-19-a-las-18.55.29-1030x579.png"},{"@type":"BreadcrumbList","@id":"https:\/\/mercapalma.net\/mercapalma\/mision-vision-valores\/#breadcrumb","itemListElement":[{"@type":"ListItem","position":1,"name":"Portada","item":"https:\/\/mercapalma.net\/ca\/"},{"@type":"ListItem","position":2,"name":"Missi\u00f3, visi\u00f3, valors"}]},{"@type":"WebSite","@id":"https:\/\/mercapalma.net\/#website","url":"https:\/\/mercapalma.net\/","name":"Mercapalma","description":"Mercados centrales de abastecimientos de Mallorca","publisher":{"@id":"https:\/\/mercapalma.net\/#organization"},"potentialAction":[{"@type":"SearchAction","target":{"@type":"EntryPoint","urlTemplate":"https:\/\/mercapalma.net\/?s={search_term_string}"},"query-input":{"@type":"PropertyValueSpecification","valueRequired":true,"valueName":"search_term_string"}}],"inLanguage":"ca"},{"@type":"Organization","@id":"https:\/\/mercapalma.net\/#organization","name":"Mercapalma","url":"https:\/\/mercapalma.net\/","logo":{"@type":"ImageObject","inLanguage":"ca","@id":"https:\/\/mercapalma.net\/#\/schema\/logo\/image\/","url":"https:\/\/mercapalma.net\/wp-content\/uploads\/mercapalma.jpeg","contentUrl":"https:\/\/mercapalma.net\/wp-content\/uploads\/mercapalma.jpeg","width":324,"height":200,"caption":"Mercapalma"},"image":{"@id":"https:\/\/mercapalma.net\/#\/schema\/logo\/image\/"},"sameAs":["https:\/\/www.facebook.com\/mercapalma.sa","https:\/\/www.instagram.com\/mercapalma\/"]}]}},"_links":{"self":[{"href":"https:\/\/mercapalma.net\/ca\/wp-json\/wp\/v2\/pages\/12332","targetHints":{"allow":["GET"]}}],"collection":[{"href":"https:\/\/mercapalma.net\/ca\/wp-json\/wp\/v2\/pages"}],"about":[{"href":"https:\/\/mercapalma.net\/ca\/wp-json\/wp\/v2\/types\/page"}],"author":[{"embeddable":true,"href":"https:\/\/mercapalma.net\/ca\/wp-json\/wp\/v2\/users\/1"}],"replies":[{"embeddable":true,"href":"https:\/\/mercapalma.net\/ca\/wp-json\/wp\/v2\/comments?post=12332"}],"version-history":[{"count":0,"href":"https:\/\/mercapalma.net\/ca\/wp-json\/wp\/v2\/pages\/12332\/revisions"}],"wp:attachment":[{"href":"https:\/\/mercapalma.net\/ca\/wp-json\/wp\/v2\/media?parent=12332"}],"curies":[{"name":"wp","href":"https:\/\/api.w.org\/{rel}","templated":true}]}}