{"id":12327,"date":"2021-02-09T19:04:35","date_gmt":"2021-02-09T19:04:35","guid":{"rendered":"https:\/\/mercapalma.net\/?page_id=12327"},"modified":"2024-02-09T12:20:23","modified_gmt":"2024-02-09T10:20:23","slug":"historia","status":"publish","type":"page","link":"https:\/\/mercapalma.net\/ca\/historia\/","title":{"rendered":"Historia"},"content":{"rendered":"<div  style='padding-bottom:10px; ' class='av-special-heading av-special-heading-h3    avia-builder-el-0  el_before_av_image  avia-builder-el-first  '><h3 class='av-special-heading-tag '  itemprop=\"headline\"  >Hist\u00f2ria<\/h3><div class='special-heading-border'><div class='special-heading-inner-border' ><\/div><\/div><\/div>\n<div  class='avia-image-container  av-styling-no-styling    avia-builder-el-1  el_after_av_heading  el_before_av_textblock  avia-align-center '  itemprop=\"image\" itemscope=\"itemscope\" itemtype=\"https:\/\/schema.org\/ImageObject\"  ><div class='avia-image-container-inner'><div class='avia-image-overlay-wrap'><img decoding=\"async\" class='wp-image-16644 avia-img-lazy-loading-not-16644 avia_image' src=\"https:\/\/mercapalma.net\/wp-content\/uploads\/entrada-antigua-1030x397-1.jpg\" alt='Entrada antigua mercapalma' title='entrada-antigua-1030x397' height=\"397\" width=\"1030\"  itemprop=\"thumbnailUrl\" srcset=\"https:\/\/mercapalma.net\/wp-content\/uploads\/entrada-antigua-1030x397-1.jpg 1030w, https:\/\/mercapalma.net\/wp-content\/uploads\/entrada-antigua-1030x397-1-300x116.jpg 300w, https:\/\/mercapalma.net\/wp-content\/uploads\/entrada-antigua-1030x397-1-768x296.jpg 768w, https:\/\/mercapalma.net\/wp-content\/uploads\/entrada-antigua-1030x397-1-705x272.jpg 705w\" sizes=\"(max-width: 1030px) 100vw, 1030px\" \/><\/div><\/div><\/div>\n<section class=\"av_textblock_section \"  itemscope=\"itemscope\" itemtype=\"https:\/\/schema.org\/CreativeWork\" ><div class='avia_textblock  '   itemprop=\"text\" ><h2><\/h2>\n<p><span class=\"av_dropcap1 \" >A<\/span> la d\u00e8cada dels 60 Palma va experimentar un augment de la poblaci\u00f3 de m\u00e9s de 75.000 habitants. La ciutat va comen\u00e7ar a veure&#8217;s afectada per la dificultat de gestionar i distribuir els recursos b\u00e0sics d&#8217;alimentaci\u00f3. En 1973 va n\u00e9ixer Mercapalma, com a empresa p\u00fablica, amb l&#8217;objectiu de promocionar i organitzar els diferents mercats majoristes de Palma i alhora oferir els serveis complementaris necessaris per al bon funcionament del mercat. La missi\u00f3 de Mercapalma, \u00e9s avui la de contribuir a l&#8217;escur\u00e7ament de la cadena comercial i col\u00b7laborar en el desenvolupament de la comercialitzaci\u00f3 local.<br \/>\n<span class=\"av_dropcap1 \" >A<\/span>ctualment, amb 380.000 m2 i mes de 85 empreses es constitueix com la major concentraci\u00f3 d&#8217;oferta majorista agroaliment\u00e0ria de Balears. Durant m\u00e9s de 50 anys, Mercapalma ha sabut adaptar-se a les noves tecnologies sense perdre el tracte pr\u00f2xim i el respecte a la hist\u00f2ria del mercat mallorqu\u00ed. Qualitats que li han valgut diverses distincions en el model de gesti\u00f3 EFQM i la certificaci\u00f3 de la norma ISO 9001 concedida per AENOR per l&#8217;alta qualitat del seu sistema de gesti\u00f3 i pel tractament mediambiental, i que coincideixen amb la visi\u00f3 de Mercapalma, de comprometre&#8217;s amb els seus grups d&#8217;inter\u00e8s, a ser referents tant en gesti\u00f3 com en seguretat aliment\u00e0ria.<br \/>\n<span class=\"av_dropcap1 \" >P<\/span>roveir els diferents mercats de Palma \u00e9s una tasca que implica un nucli central de distribuci\u00f3 i organitzaci\u00f3 dels recursos alimentaris existents a l&#8217;illa; aquest nucli, baula fonamental de la cadena comercial \u00e9s Mercapalma. Des d&#8217;aquest punt s&#8217;organitza i gestiona la diversitat de productes, es mant\u00e9 la m\u00e0xima frescor i qualitat i es distribueixen de forma r\u00e0pida i efica\u00e7 perqu\u00e8 arribin a les cistelles de la compra de les fam\u00edlies.<\/p>\n<\/div><\/section>\n<div  class='avia-image-container  av-styling-    avia-builder-el-3  el_after_av_textblock  el_before_av_textblock  avia-align-center '  itemprop=\"image\" itemscope=\"itemscope\" itemtype=\"https:\/\/schema.org\/ImageObject\"  ><div class='avia-image-container-inner'><div class='avia-image-overlay-wrap'><img decoding=\"async\" class='wp-image-15207 avia-img-lazy-loading-not-15207 avia_image' src=\"https:\/\/mercapalma.net\/wp-content\/uploads\/IMG_3316-scaled.jpg\" alt='' title='IMG_3316' height=\"1174\" width=\"2560\"  itemprop=\"thumbnailUrl\" srcset=\"https:\/\/mercapalma.net\/wp-content\/uploads\/IMG_3316-scaled.jpg 2560w, https:\/\/mercapalma.net\/wp-content\/uploads\/IMG_3316-300x138.jpg 300w, https:\/\/mercapalma.net\/wp-content\/uploads\/IMG_3316-1030x473.jpg 1030w, https:\/\/mercapalma.net\/wp-content\/uploads\/IMG_3316-768x352.jpg 768w, https:\/\/mercapalma.net\/wp-content\/uploads\/IMG_3316-1536x705.jpg 1536w, https:\/\/mercapalma.net\/wp-content\/uploads\/IMG_3316-2048x940.jpg 2048w, https:\/\/mercapalma.net\/wp-content\/uploads\/IMG_3316-1500x688.jpg 1500w, https:\/\/mercapalma.net\/wp-content\/uploads\/IMG_3316-705x323.jpg 705w\" sizes=\"(max-width: 2560px) 100vw, 2560px\" \/><\/div><\/div><\/div>\n<section class=\"av_textblock_section \"  itemscope=\"itemscope\" itemtype=\"https:\/\/schema.org\/CreativeWork\" ><div class='avia_textblock  '   itemprop=\"text\" ><p><iframe loading=\"lazy\" title=\"YouTube video player\" src=\"https:\/\/www.youtube.com\/embed\/8pvaamjJ6ag\" width=\"833\" height=\"420\" frameborder=\"0\" allowfullscreen=\"allowfullscreen\"><\/iframe><\/p>\n<\/div><\/section>\n","protected":false},"excerpt":{"rendered":"<p>&#8230;<\/p>\n","protected":false},"author":1,"featured_media":0,"parent":0,"menu_order":0,"comment_status":"closed","ping_status":"closed","template":"","meta":{"footnotes":""},"class_list":["post-12327","page","type-page","status-publish","hentry"],"yoast_head":"<!-- This site is optimized with the Yoast SEO plugin v27.0 - https:\/\/yoast.com\/product\/yoast-seo-wordpress\/ -->\n<title>Historia - Mercapalma<\/title>\n<meta name=\"robots\" content=\"index, follow, max-snippet:-1, max-image-preview:large, max-video-preview:-1\" \/>\n<link rel=\"canonical\" href=\"https:\/\/mercapalma.net\/mercapalma\/historia\/\" \/>\n<meta property=\"og:locale\" content=\"ca_ES\" \/>\n<meta property=\"og:type\" content=\"article\" \/>\n<meta property=\"og:title\" content=\"Historia - Mercapalma\" \/>\n<meta property=\"og:description\" content=\"...\" \/>\n<meta property=\"og:url\" content=\"https:\/\/mercapalma.net\/mercapalma\/historia\/\" \/>\n<meta property=\"og:site_name\" content=\"Mercapalma\" \/>\n<meta property=\"article:publisher\" content=\"https:\/\/www.facebook.com\/mercapalma.sa\" \/>\n<meta property=\"article:modified_time\" content=\"2024-02-09T10:20:23+00:00\" \/>\n<meta property=\"og:image\" content=\"https:\/\/mercapalma.net\/wp-content\/uploads\/Logo-Mercapalma_300-01.png\" \/>\n\t<meta property=\"og:image:width\" content=\"2775\" \/>\n\t<meta property=\"og:image:height\" content=\"442\" \/>\n\t<meta property=\"og:image:type\" content=\"image\/png\" \/>\n<meta name=\"twitter:card\" content=\"summary_large_image\" \/>\n<meta name=\"twitter:label1\" content=\"Temps estimat de lectura\" \/>\n\t<meta name=\"twitter:data1\" content=\"2 minuts\" \/>\n<script type=\"application\/ld+json\" class=\"yoast-schema-graph\">{\"@context\":\"https:\/\/schema.org\",\"@graph\":[{\"@type\":\"WebPage\",\"@id\":\"https:\/\/mercapalma.net\/mercapalma\/historia\/\",\"url\":\"https:\/\/mercapalma.net\/mercapalma\/historia\/\",\"name\":\"Historia - Mercapalma\",\"isPartOf\":{\"@id\":\"https:\/\/mercapalma.net\/#website\"},\"datePublished\":\"2021-02-09T19:04:35+00:00\",\"dateModified\":\"2024-02-09T10:20:23+00:00\",\"breadcrumb\":{\"@id\":\"https:\/\/mercapalma.net\/mercapalma\/historia\/#breadcrumb\"},\"inLanguage\":\"ca\",\"potentialAction\":[{\"@type\":\"ReadAction\",\"target\":[\"https:\/\/mercapalma.net\/mercapalma\/historia\/\"]}]},{\"@type\":\"BreadcrumbList\",\"@id\":\"https:\/\/mercapalma.net\/mercapalma\/historia\/#breadcrumb\",\"itemListElement\":[{\"@type\":\"ListItem\",\"position\":1,\"name\":\"Portada\",\"item\":\"https:\/\/mercapalma.net\/ca\/\"},{\"@type\":\"ListItem\",\"position\":2,\"name\":\"Historia\"}]},{\"@type\":\"WebSite\",\"@id\":\"https:\/\/mercapalma.net\/#website\",\"url\":\"https:\/\/mercapalma.net\/\",\"name\":\"Mercapalma\",\"description\":\"Mercados centrales de abastecimientos de Mallorca\",\"publisher\":{\"@id\":\"https:\/\/mercapalma.net\/#organization\"},\"potentialAction\":[{\"@type\":\"SearchAction\",\"target\":{\"@type\":\"EntryPoint\",\"urlTemplate\":\"https:\/\/mercapalma.net\/?s={search_term_string}\"},\"query-input\":{\"@type\":\"PropertyValueSpecification\",\"valueRequired\":true,\"valueName\":\"search_term_string\"}}],\"inLanguage\":\"ca\"},{\"@type\":\"Organization\",\"@id\":\"https:\/\/mercapalma.net\/#organization\",\"name\":\"Mercapalma\",\"url\":\"https:\/\/mercapalma.net\/\",\"logo\":{\"@type\":\"ImageObject\",\"inLanguage\":\"ca\",\"@id\":\"https:\/\/mercapalma.net\/#\/schema\/logo\/image\/\",\"url\":\"https:\/\/mercapalma.net\/wp-content\/uploads\/mercapalma.jpeg\",\"contentUrl\":\"https:\/\/mercapalma.net\/wp-content\/uploads\/mercapalma.jpeg\",\"width\":324,\"height\":200,\"caption\":\"Mercapalma\"},\"image\":{\"@id\":\"https:\/\/mercapalma.net\/#\/schema\/logo\/image\/\"},\"sameAs\":[\"https:\/\/www.facebook.com\/mercapalma.sa\",\"https:\/\/www.instagram.com\/mercapalma\/\"]}]}<\/script>\n<!-- \/ Yoast SEO plugin. -->","yoast_head_json":{"title":"Historia - Mercapalma","robots":{"index":"index","follow":"follow","max-snippet":"max-snippet:-1","max-image-preview":"max-image-preview:large","max-video-preview":"max-video-preview:-1"},"canonical":"https:\/\/mercapalma.net\/mercapalma\/historia\/","og_locale":"ca_ES","og_type":"article","og_title":"Historia - Mercapalma","og_description":"...","og_url":"https:\/\/mercapalma.net\/mercapalma\/historia\/","og_site_name":"Mercapalma","article_publisher":"https:\/\/www.facebook.com\/mercapalma.sa","article_modified_time":"2024-02-09T10:20:23+00:00","og_image":[{"width":2775,"height":442,"url":"https:\/\/mercapalma.net\/wp-content\/uploads\/Logo-Mercapalma_300-01.png","type":"image\/png"}],"twitter_card":"summary_large_image","twitter_misc":{"Temps estimat de lectura":"2 minuts"},"schema":{"@context":"https:\/\/schema.org","@graph":[{"@type":"WebPage","@id":"https:\/\/mercapalma.net\/mercapalma\/historia\/","url":"https:\/\/mercapalma.net\/mercapalma\/historia\/","name":"Historia - Mercapalma","isPartOf":{"@id":"https:\/\/mercapalma.net\/#website"},"datePublished":"2021-02-09T19:04:35+00:00","dateModified":"2024-02-09T10:20:23+00:00","breadcrumb":{"@id":"https:\/\/mercapalma.net\/mercapalma\/historia\/#breadcrumb"},"inLanguage":"ca","potentialAction":[{"@type":"ReadAction","target":["https:\/\/mercapalma.net\/mercapalma\/historia\/"]}]},{"@type":"BreadcrumbList","@id":"https:\/\/mercapalma.net\/mercapalma\/historia\/#breadcrumb","itemListElement":[{"@type":"ListItem","position":1,"name":"Portada","item":"https:\/\/mercapalma.net\/ca\/"},{"@type":"ListItem","position":2,"name":"Historia"}]},{"@type":"WebSite","@id":"https:\/\/mercapalma.net\/#website","url":"https:\/\/mercapalma.net\/","name":"Mercapalma","description":"Mercados centrales de abastecimientos de Mallorca","publisher":{"@id":"https:\/\/mercapalma.net\/#organization"},"potentialAction":[{"@type":"SearchAction","target":{"@type":"EntryPoint","urlTemplate":"https:\/\/mercapalma.net\/?s={search_term_string}"},"query-input":{"@type":"PropertyValueSpecification","valueRequired":true,"valueName":"search_term_string"}}],"inLanguage":"ca"},{"@type":"Organization","@id":"https:\/\/mercapalma.net\/#organization","name":"Mercapalma","url":"https:\/\/mercapalma.net\/","logo":{"@type":"ImageObject","inLanguage":"ca","@id":"https:\/\/mercapalma.net\/#\/schema\/logo\/image\/","url":"https:\/\/mercapalma.net\/wp-content\/uploads\/mercapalma.jpeg","contentUrl":"https:\/\/mercapalma.net\/wp-content\/uploads\/mercapalma.jpeg","width":324,"height":200,"caption":"Mercapalma"},"image":{"@id":"https:\/\/mercapalma.net\/#\/schema\/logo\/image\/"},"sameAs":["https:\/\/www.facebook.com\/mercapalma.sa","https:\/\/www.instagram.com\/mercapalma\/"]}]}},"_links":{"self":[{"href":"https:\/\/mercapalma.net\/ca\/wp-json\/wp\/v2\/pages\/12327","targetHints":{"allow":["GET"]}}],"collection":[{"href":"https:\/\/mercapalma.net\/ca\/wp-json\/wp\/v2\/pages"}],"about":[{"href":"https:\/\/mercapalma.net\/ca\/wp-json\/wp\/v2\/types\/page"}],"author":[{"embeddable":true,"href":"https:\/\/mercapalma.net\/ca\/wp-json\/wp\/v2\/users\/1"}],"replies":[{"embeddable":true,"href":"https:\/\/mercapalma.net\/ca\/wp-json\/wp\/v2\/comments?post=12327"}],"version-history":[{"count":2,"href":"https:\/\/mercapalma.net\/ca\/wp-json\/wp\/v2\/pages\/12327\/revisions"}],"predecessor-version":[{"id":21726,"href":"https:\/\/mercapalma.net\/ca\/wp-json\/wp\/v2\/pages\/12327\/revisions\/21726"}],"wp:attachment":[{"href":"https:\/\/mercapalma.net\/ca\/wp-json\/wp\/v2\/media?parent=12327"}],"curies":[{"name":"wp","href":"https:\/\/api.w.org\/{rel}","templated":true}]}}