{"id":12317,"date":"2021-02-09T19:00:19","date_gmt":"2021-02-09T19:00:19","guid":{"rendered":"https:\/\/mercapalma.net\/?page_id=12317"},"modified":"2026-01-08T13:56:27","modified_gmt":"2026-01-08T12:56:27","slug":"organos-de-gobierno","status":"publish","type":"page","link":"https:\/\/mercapalma.net\/ca\/organos-de-gobierno\/","title":{"rendered":"\u00d2rgans de Govern"},"content":{"rendered":"<section class=\"av_textblock_section \"  itemscope=\"itemscope\" itemtype=\"https:\/\/schema.org\/CreativeWork\" ><div class='avia_textblock  '   itemprop=\"text\" ><h2>ACCIONISTES<\/h2>\n<p><strong>MERCAPALMA, S.A<\/strong>. \u00e9s una empresa p\u00fablica amb la seg\u00fcent composici\u00f3 de capital:<\/p>\n<p style=\"text-align: center;\"><a href=\"https:\/\/www.palma.cat\/portal\/PALMA\/home.jsp?codResi=1\">Ajuntament de Palma<\/a> &#8211; <a href=\"http:\/\/www.mercasa.es\">Mercasa<\/a><\/p>\n<p style=\"text-align: center;\"><img loading=\"lazy\" decoding=\"async\" class=\"alignnone wp-image-14923 size-large\" src=\"https:\/\/mercapalma.net\/wp-content\/uploads\/Grafico-org-1470x630-1-1030x441.jpg\" alt=\"\" width=\"1030\" height=\"441\" srcset=\"https:\/\/mercapalma.net\/wp-content\/uploads\/Grafico-org-1470x630-1-1030x441.jpg 1030w, https:\/\/mercapalma.net\/wp-content\/uploads\/Grafico-org-1470x630-1.jpg 1470w\" sizes=\"auto, (max-width: 1030px) 100vw, 1030px\" \/><\/p>\n<\/div><\/section>\n<div   class='hr hr-short hr-center   avia-builder-el-1  el_after_av_textblock  el_before_av_one_third '><span class='hr-inner ' ><span class='hr-inner-style'><\/span><\/span><\/div>\n<div class=\"flex_column av_one_third  flex_column_div av-zero-column-padding first  avia-builder-el-2  el_after_av_hr  el_before_av_one_third  \" style='border-radius:0px; '><section class=\"av_textblock_section \"  itemscope=\"itemscope\" itemtype=\"https:\/\/schema.org\/CreativeWork\" ><div class='avia_textblock  '   itemprop=\"text\" ><p><strong>PRESIDENT<\/strong><\/p>\n<p>Sr. Jaime Mart\u00ednez Llabr\u00e9s<\/p>\n<\/div><\/section><\/div>\n<div class=\"flex_column av_one_third  flex_column_div av-zero-column-padding   avia-builder-el-4  el_after_av_one_third  el_before_av_one_third  \" style='border-radius:0px; '><section class=\"av_textblock_section \"  itemscope=\"itemscope\" itemtype=\"https:\/\/schema.org\/CreativeWork\" ><div class='avia_textblock  '   itemprop=\"text\" ><p><strong>VICEPRESIDENTA 1r<br \/>\n<\/strong><\/p>\n<p>Sra. Clara Valtue\u00f1a Heredia<\/p>\n<\/div><\/section><\/div><div class=\"flex_column av_one_third  flex_column_div av-zero-column-padding   avia-builder-el-6  el_after_av_one_third  el_before_av_one_third  \" style='border-radius:0px; '><section class=\"av_textblock_section \"  itemscope=\"itemscope\" itemtype=\"https:\/\/schema.org\/CreativeWork\" ><div class='avia_textblock  '   itemprop=\"text\" ><p><strong>VICEPRESIDENTA 2n<br \/>\n<\/strong><\/p>\n<p>Sra. Guadalupe Ferrer Malgarejo<\/p>\n<\/div><\/section><\/div><div class=\"flex_column av_one_third  flex_column_div av-zero-column-padding first  avia-builder-el-8  el_after_av_one_third  el_before_av_one_third  column-top-margin\" style='border-radius:0px; '><section class=\"av_textblock_section \"  itemscope=\"itemscope\" itemtype=\"https:\/\/schema.org\/CreativeWork\" ><div class='avia_textblock  '   itemprop=\"text\" ><p><strong>VOCALS<br \/>\n<\/strong><\/p>\n<div>\n<div>Sr. Alfredo Reyes Gonz\u00e1lez<\/div>\n<div>Sra. Mar\u00eda del Carmen Esparza Morales<\/div>\n<div>Sr. Javier Bonet D\u00edaz<\/div>\n<div>Sra. Mar\u00eda de las Mercedes Celeste Palmero<\/div>\n<div>Sr. Jos\u00e9 Luis Gonz\u00e1lez G\u00f3mez<\/div>\n<div>Sr. \u00c1lvaro Conde L\u00f3pez<\/div>\n<div>Sra. Almudena Minguito Garc\u00eda<\/div>\n<div>Sra. Vanessa Moreno Vincent<\/div>\n<\/div>\n<\/div><\/section><\/div><\/p>\n<div class=\"flex_column av_one_third  flex_column_div av-zero-column-padding   avia-builder-el-10  el_after_av_one_third  el_before_av_one_third  column-top-margin\" style='border-radius:0px; '><section class=\"av_textblock_section \"  itemscope=\"itemscope\" itemtype=\"https:\/\/schema.org\/CreativeWork\" ><div class='avia_textblock  '   itemprop=\"text\" ><p><strong>SECRETARI<br \/>\n<\/strong><\/p>\n<p>Sr. F\u00e9lix Amor\u00f3s Piz\u00e1<\/p>\n<\/div><\/section><\/div>\n<div class=\"flex_column av_one_third  flex_column_div av-zero-column-padding   avia-builder-el-12  el_after_av_one_third  avia-builder-el-last  column-top-margin\" style='border-radius:0px; '><section class=\"av_textblock_section \"  itemscope=\"itemscope\" itemtype=\"https:\/\/schema.org\/CreativeWork\" ><div class='avia_textblock  '   itemprop=\"text\" ><p><strong>DIRECTOR GERENT<br \/>\n<\/strong><\/p>\n<p>Sr. Javier Balaguer Garavaglia<\/p>\n<\/div><\/section><\/div>\n","protected":false},"excerpt":{"rendered":"<p>&#8230;<\/p>\n","protected":false},"author":1,"featured_media":0,"parent":0,"menu_order":0,"comment_status":"closed","ping_status":"closed","template":"","meta":{"footnotes":""},"class_list":["post-12317","page","type-page","status-publish","hentry"],"yoast_head":"<!-- This site is optimized with the Yoast SEO plugin v27.0 - https:\/\/yoast.com\/product\/yoast-seo-wordpress\/ -->\n<title>\u00d2rgans de Govern - Mercapalma<\/title>\n<meta name=\"robots\" content=\"index, follow, max-snippet:-1, max-image-preview:large, max-video-preview:-1\" \/>\n<link rel=\"canonical\" href=\"https:\/\/mercapalma.net\/ca\/organos-de-gobierno\/\" \/>\n<meta property=\"og:locale\" content=\"ca_ES\" \/>\n<meta property=\"og:type\" content=\"article\" \/>\n<meta property=\"og:title\" content=\"\u00d2rgans de Govern - Mercapalma\" \/>\n<meta property=\"og:description\" content=\"...\" \/>\n<meta property=\"og:url\" content=\"https:\/\/mercapalma.net\/ca\/organos-de-gobierno\/\" \/>\n<meta property=\"og:site_name\" content=\"Mercapalma\" \/>\n<meta property=\"article:publisher\" content=\"https:\/\/www.facebook.com\/mercapalma.sa\" \/>\n<meta property=\"article:modified_time\" content=\"2026-01-08T12:56:27+00:00\" \/>\n<meta property=\"og:image\" content=\"https:\/\/mercapalma.net\/wp-content\/uploads\/Grafico-org-1470x630-1.jpg\" \/>\n\t<meta property=\"og:image:width\" content=\"1470\" \/>\n\t<meta property=\"og:image:height\" content=\"630\" \/>\n\t<meta property=\"og:image:type\" content=\"image\/jpeg\" \/>\n<meta name=\"twitter:card\" content=\"summary_large_image\" \/>\n<meta name=\"twitter:label1\" content=\"Temps estimat de lectura\" \/>\n\t<meta name=\"twitter:data1\" content=\"2 minuts\" \/>\n<script type=\"application\/ld+json\" class=\"yoast-schema-graph\">{\"@context\":\"https:\/\/schema.org\",\"@graph\":[{\"@type\":\"WebPage\",\"@id\":\"https:\/\/mercapalma.net\/ca\/organos-de-gobierno\/\",\"url\":\"https:\/\/mercapalma.net\/ca\/organos-de-gobierno\/\",\"name\":\"\u00d2rgans de Govern - Mercapalma\",\"isPartOf\":{\"@id\":\"https:\/\/mercapalma.net\/#website\"},\"primaryImageOfPage\":{\"@id\":\"https:\/\/mercapalma.net\/ca\/organos-de-gobierno\/#primaryimage\"},\"image\":{\"@id\":\"https:\/\/mercapalma.net\/ca\/organos-de-gobierno\/#primaryimage\"},\"thumbnailUrl\":\"https:\/\/mercapalma.net\/wp-content\/uploads\/Grafico-org-1470x630-1-1030x441.jpg\",\"datePublished\":\"2021-02-09T19:00:19+00:00\",\"dateModified\":\"2026-01-08T12:56:27+00:00\",\"breadcrumb\":{\"@id\":\"https:\/\/mercapalma.net\/ca\/organos-de-gobierno\/#breadcrumb\"},\"inLanguage\":\"ca\",\"potentialAction\":[{\"@type\":\"ReadAction\",\"target\":[\"https:\/\/mercapalma.net\/ca\/organos-de-gobierno\/\"]}]},{\"@type\":\"ImageObject\",\"inLanguage\":\"ca\",\"@id\":\"https:\/\/mercapalma.net\/ca\/organos-de-gobierno\/#primaryimage\",\"url\":\"https:\/\/mercapalma.net\/wp-content\/uploads\/Grafico-org-1470x630-1-1030x441.jpg\",\"contentUrl\":\"https:\/\/mercapalma.net\/wp-content\/uploads\/Grafico-org-1470x630-1-1030x441.jpg\"},{\"@type\":\"BreadcrumbList\",\"@id\":\"https:\/\/mercapalma.net\/ca\/organos-de-gobierno\/#breadcrumb\",\"itemListElement\":[{\"@type\":\"ListItem\",\"position\":1,\"name\":\"Portada\",\"item\":\"https:\/\/mercapalma.net\/ca\/\"},{\"@type\":\"ListItem\",\"position\":2,\"name\":\"\u00d2rgans de Govern\"}]},{\"@type\":\"WebSite\",\"@id\":\"https:\/\/mercapalma.net\/#website\",\"url\":\"https:\/\/mercapalma.net\/\",\"name\":\"Mercapalma\",\"description\":\"Mercados centrales de abastecimientos de Mallorca\",\"publisher\":{\"@id\":\"https:\/\/mercapalma.net\/#organization\"},\"potentialAction\":[{\"@type\":\"SearchAction\",\"target\":{\"@type\":\"EntryPoint\",\"urlTemplate\":\"https:\/\/mercapalma.net\/?s={search_term_string}\"},\"query-input\":{\"@type\":\"PropertyValueSpecification\",\"valueRequired\":true,\"valueName\":\"search_term_string\"}}],\"inLanguage\":\"ca\"},{\"@type\":\"Organization\",\"@id\":\"https:\/\/mercapalma.net\/#organization\",\"name\":\"Mercapalma\",\"url\":\"https:\/\/mercapalma.net\/\",\"logo\":{\"@type\":\"ImageObject\",\"inLanguage\":\"ca\",\"@id\":\"https:\/\/mercapalma.net\/#\/schema\/logo\/image\/\",\"url\":\"https:\/\/mercapalma.net\/wp-content\/uploads\/mercapalma.jpeg\",\"contentUrl\":\"https:\/\/mercapalma.net\/wp-content\/uploads\/mercapalma.jpeg\",\"width\":324,\"height\":200,\"caption\":\"Mercapalma\"},\"image\":{\"@id\":\"https:\/\/mercapalma.net\/#\/schema\/logo\/image\/\"},\"sameAs\":[\"https:\/\/www.facebook.com\/mercapalma.sa\",\"https:\/\/www.instagram.com\/mercapalma\/\"]}]}<\/script>\n<!-- \/ Yoast SEO plugin. -->","yoast_head_json":{"title":"\u00d2rgans de Govern - Mercapalma","robots":{"index":"index","follow":"follow","max-snippet":"max-snippet:-1","max-image-preview":"max-image-preview:large","max-video-preview":"max-video-preview:-1"},"canonical":"https:\/\/mercapalma.net\/ca\/organos-de-gobierno\/","og_locale":"ca_ES","og_type":"article","og_title":"\u00d2rgans de Govern - Mercapalma","og_description":"...","og_url":"https:\/\/mercapalma.net\/ca\/organos-de-gobierno\/","og_site_name":"Mercapalma","article_publisher":"https:\/\/www.facebook.com\/mercapalma.sa","article_modified_time":"2026-01-08T12:56:27+00:00","og_image":[{"width":1470,"height":630,"url":"https:\/\/mercapalma.net\/wp-content\/uploads\/Grafico-org-1470x630-1.jpg","type":"image\/jpeg"}],"twitter_card":"summary_large_image","twitter_misc":{"Temps estimat de lectura":"2 minuts"},"schema":{"@context":"https:\/\/schema.org","@graph":[{"@type":"WebPage","@id":"https:\/\/mercapalma.net\/ca\/organos-de-gobierno\/","url":"https:\/\/mercapalma.net\/ca\/organos-de-gobierno\/","name":"\u00d2rgans de Govern - Mercapalma","isPartOf":{"@id":"https:\/\/mercapalma.net\/#website"},"primaryImageOfPage":{"@id":"https:\/\/mercapalma.net\/ca\/organos-de-gobierno\/#primaryimage"},"image":{"@id":"https:\/\/mercapalma.net\/ca\/organos-de-gobierno\/#primaryimage"},"thumbnailUrl":"https:\/\/mercapalma.net\/wp-content\/uploads\/Grafico-org-1470x630-1-1030x441.jpg","datePublished":"2021-02-09T19:00:19+00:00","dateModified":"2026-01-08T12:56:27+00:00","breadcrumb":{"@id":"https:\/\/mercapalma.net\/ca\/organos-de-gobierno\/#breadcrumb"},"inLanguage":"ca","potentialAction":[{"@type":"ReadAction","target":["https:\/\/mercapalma.net\/ca\/organos-de-gobierno\/"]}]},{"@type":"ImageObject","inLanguage":"ca","@id":"https:\/\/mercapalma.net\/ca\/organos-de-gobierno\/#primaryimage","url":"https:\/\/mercapalma.net\/wp-content\/uploads\/Grafico-org-1470x630-1-1030x441.jpg","contentUrl":"https:\/\/mercapalma.net\/wp-content\/uploads\/Grafico-org-1470x630-1-1030x441.jpg"},{"@type":"BreadcrumbList","@id":"https:\/\/mercapalma.net\/ca\/organos-de-gobierno\/#breadcrumb","itemListElement":[{"@type":"ListItem","position":1,"name":"Portada","item":"https:\/\/mercapalma.net\/ca\/"},{"@type":"ListItem","position":2,"name":"\u00d2rgans de Govern"}]},{"@type":"WebSite","@id":"https:\/\/mercapalma.net\/#website","url":"https:\/\/mercapalma.net\/","name":"Mercapalma","description":"Mercados centrales de abastecimientos de Mallorca","publisher":{"@id":"https:\/\/mercapalma.net\/#organization"},"potentialAction":[{"@type":"SearchAction","target":{"@type":"EntryPoint","urlTemplate":"https:\/\/mercapalma.net\/?s={search_term_string}"},"query-input":{"@type":"PropertyValueSpecification","valueRequired":true,"valueName":"search_term_string"}}],"inLanguage":"ca"},{"@type":"Organization","@id":"https:\/\/mercapalma.net\/#organization","name":"Mercapalma","url":"https:\/\/mercapalma.net\/","logo":{"@type":"ImageObject","inLanguage":"ca","@id":"https:\/\/mercapalma.net\/#\/schema\/logo\/image\/","url":"https:\/\/mercapalma.net\/wp-content\/uploads\/mercapalma.jpeg","contentUrl":"https:\/\/mercapalma.net\/wp-content\/uploads\/mercapalma.jpeg","width":324,"height":200,"caption":"Mercapalma"},"image":{"@id":"https:\/\/mercapalma.net\/#\/schema\/logo\/image\/"},"sameAs":["https:\/\/www.facebook.com\/mercapalma.sa","https:\/\/www.instagram.com\/mercapalma\/"]}]}},"_links":{"self":[{"href":"https:\/\/mercapalma.net\/ca\/wp-json\/wp\/v2\/pages\/12317","targetHints":{"allow":["GET"]}}],"collection":[{"href":"https:\/\/mercapalma.net\/ca\/wp-json\/wp\/v2\/pages"}],"about":[{"href":"https:\/\/mercapalma.net\/ca\/wp-json\/wp\/v2\/types\/page"}],"author":[{"embeddable":true,"href":"https:\/\/mercapalma.net\/ca\/wp-json\/wp\/v2\/users\/1"}],"replies":[{"embeddable":true,"href":"https:\/\/mercapalma.net\/ca\/wp-json\/wp\/v2\/comments?post=12317"}],"version-history":[{"count":6,"href":"https:\/\/mercapalma.net\/ca\/wp-json\/wp\/v2\/pages\/12317\/revisions"}],"predecessor-version":[{"id":22666,"href":"https:\/\/mercapalma.net\/ca\/wp-json\/wp\/v2\/pages\/12317\/revisions\/22666"}],"wp:attachment":[{"href":"https:\/\/mercapalma.net\/ca\/wp-json\/wp\/v2\/media?parent=12317"}],"curies":[{"name":"wp","href":"https:\/\/api.w.org\/{rel}","templated":true}]}}